{"id":1422,"date":"2023-07-04T10:21:49","date_gmt":"2023-07-04T08:21:49","guid":{"rendered":"https:\/\/www.anova-hotel.com\/?page_id=1422"},"modified":"2025-05-15T16:08:51","modified_gmt":"2025-05-15T14:08:51","slug":"heliski","status":"publish","type":"page","link":"https:\/\/www.anova-hotel.com\/en\/activite-montgenevre\/heliski\/","title":{"rendered":"Heliskiing"},"content":{"rendered":"<div data-elementor-type=\"wp-page\" data-elementor-id=\"1422\" class=\"elementor elementor-1422\" data-elementor-post-type=\"page\">\n\t\t\t\t<div class=\"elementor-element elementor-element-71cb5106 e-con-full e-flex e-con e-parent\" data-id=\"71cb5106\" data-element_type=\"container\" data-e-type=\"container\" data-settings=\"{&quot;background_background&quot;:&quot;classic&quot;}\">\n\t\t\t\t<div class=\"elementor-element elementor-element-70260372 elementor-widget elementor-widget-heading\" data-id=\"70260372\" data-element_type=\"widget\" data-e-type=\"widget\" data-widget_type=\"heading.default\">\n\t\t\t\t<div class=\"elementor-widget-container\">\n\t\t\t\t\t<span class=\"elementor-heading-title elementor-size-default\">Heliskiing<\/span>\t\t\t\t<\/div>\n\t\t\t\t<\/div>\n\t\t\t\t<div class=\"elementor-element elementor-element-3b3de32 elementor-widget elementor-widget-heading\" data-id=\"3b3de32\" data-element_type=\"widget\" data-e-type=\"widget\" data-widget_type=\"heading.default\">\n\t\t\t\t<div class=\"elementor-widget-container\">\n\t\t\t\t\t<h1 class=\"elementor-heading-title elementor-size-default\">Montgen\u00e8vre ski resort<\/h1>\t\t\t\t<\/div>\n\t\t\t\t<\/div>\n\t\t\t\t<\/div>\n\t\t<div class=\"elementor-element elementor-element-ba0295c e-con-full e-flex e-con e-parent\" data-id=\"ba0295c\" data-element_type=\"container\" data-e-type=\"container\">\n\t\t\t\t<div class=\"elementor-element elementor-element-173e9acb elementor-mobile-align-center elementor-widget elementor-widget-button\" data-id=\"173e9acb\" data-element_type=\"widget\" data-e-type=\"widget\" data-widget_type=\"button.default\">\n\t\t\t\t<div class=\"elementor-widget-container\">\n\t\t\t\t\t\t\t\t\t<div class=\"elementor-button-wrapper\">\n\t\t\t\t\t<a class=\"elementor-button elementor-button-link elementor-size-sm\" href=\"https:\/\/www.anova-hotel.com\/en\/activite-montgenevre\/chiens-de-traineau-montgenevre\/\">\n\t\t\t\t\t\t<span class=\"elementor-button-content-wrapper\">\n\t\t\t\t\t\t<span class=\"elementor-button-icon\">\n\t\t\t\t<i aria-hidden=\"true\" class=\"eliofont eliofont-arrow-left\"><\/i>\t\t\t<\/span>\n\t\t\t\t\t\t\t\t\t<span class=\"elementor-button-text\">Previous destination<\/span>\n\t\t\t\t\t<\/span>\n\t\t\t\t\t<\/a>\n\t\t\t\t<\/div>\n\t\t\t\t\t\t\t\t<\/div>\n\t\t\t\t<\/div>\n\t\t\t\t<div class=\"elementor-element elementor-element-11ff8c4e elementor-mobile-align-center elementor-widget elementor-widget-button\" data-id=\"11ff8c4e\" data-element_type=\"widget\" data-e-type=\"widget\" data-widget_type=\"button.default\">\n\t\t\t\t<div class=\"elementor-widget-container\">\n\t\t\t\t\t\t\t\t\t<div class=\"elementor-button-wrapper\">\n\t\t\t\t\t<a class=\"elementor-button elementor-button-link elementor-size-sm\" href=\"https:\/\/www.anova-hotel.com\/en\/activite-montgenevre\/bar-montgenevre\/\">\n\t\t\t\t\t\t<span class=\"elementor-button-content-wrapper\">\n\t\t\t\t\t\t<span class=\"elementor-button-icon\">\n\t\t\t\t<i aria-hidden=\"true\" class=\"eliofont eliofont-arrow-right\"><\/i>\t\t\t<\/span>\n\t\t\t\t\t\t\t\t\t<span class=\"elementor-button-text\">Next destination<\/span>\n\t\t\t\t\t<\/span>\n\t\t\t\t\t<\/a>\n\t\t\t\t<\/div>\n\t\t\t\t\t\t\t\t<\/div>\n\t\t\t\t<\/div>\n\t\t\t\t<\/div>\n\t\t<div class=\"elementor-element elementor-element-272c0e6 e-con-full fade-bloc e-flex e-con e-parent\" data-id=\"272c0e6\" data-element_type=\"container\" data-e-type=\"container\" data-settings=\"{&quot;background_background&quot;:&quot;classic&quot;}\">\n\t\t<div class=\"elementor-element elementor-element-487001a2 e-con-full fade-content e-flex e-con e-child\" data-id=\"487001a2\" data-element_type=\"container\" data-e-type=\"container\" data-settings=\"{&quot;background_background&quot;:&quot;classic&quot;}\">\n\t\t<div class=\"elementor-element elementor-element-4ff026d6 e-flex e-con-boxed e-con e-child\" data-id=\"4ff026d6\" data-element_type=\"container\" data-e-type=\"container\">\n\t\t\t\t\t<div class=\"e-con-inner\">\n\t\t\t\t<div class=\"elementor-element elementor-element-31c3dd47 fade-title elementor-widget elementor-widget-text-editor\" data-id=\"31c3dd47\" data-element_type=\"widget\" data-e-type=\"widget\" data-widget_type=\"text-editor.default\">\n\t\t\t\t<div class=\"elementor-widget-container\">\n\t\t\t\t\t\t\t\t\t<h2>Montgen\u00e8vre, ski resort and land of adventure<\/h2>\t\t\t\t\t\t\t\t<\/div>\n\t\t\t\t<\/div>\n\t\t\t\t<div class=\"elementor-element elementor-element-a4aa763 fade-text elementor-widget elementor-widget-text-editor\" data-id=\"a4aa763\" data-element_type=\"widget\" data-e-type=\"widget\" data-widget_type=\"text-editor.default\">\n\t\t\t\t<div class=\"elementor-widget-container\">\n\t\t\t\t\t\t\t\t\t<p>Perched at the gateway to Italy, Montgen\u00e8vre ski resort offers a boundless playground, where the snow dances under your spatulas and the horizon stretches far beyond the peaks. For thrill-seekers, a unique experience awaits you: heliskiing, a vertiginous escape into wide, unspoilt open spaces.<\/p>\t\t\t\t\t\t\t\t<\/div>\n\t\t\t\t<\/div>\n\t\t\t\t<div class=\"elementor-element elementor-element-ac7be5c fade-subtext elementor-widget elementor-widget-text-editor\" data-id=\"ac7be5c\" data-element_type=\"widget\" data-e-type=\"widget\" data-widget_type=\"text-editor.default\">\n\t\t\t\t<div class=\"elementor-widget-container\">\n\t\t\t\t\t\t\t\t\t<h2>Heli-skiing: the thrill of unspoilt summits<\/h2>\t\t\t\t\t\t\t\t<\/div>\n\t\t\t\t<\/div>\n\t\t\t\t<div class=\"elementor-element elementor-element-399600f7 fade-text elementor-widget elementor-widget-text-editor\" data-id=\"399600f7\" data-element_type=\"widget\" data-e-type=\"widget\" data-widget_type=\"text-editor.default\">\n\t\t\t\t<div class=\"elementor-widget-container\">\n\t\t\t\t\t\t\t\t\t<p>Up there, silence reigns supreme. Only the muffled flapping of the blades disturbs the white immensity. Then, in a breath, the helicopter fades away, leaving you suspended on the summit of the unknown. Beneath your skis, a dazzling, untouched powder, a route that only daring can blaze. Montgen\u00e8vre, an exceptional ski resort, offers enthusiasts the chance to escape beyond the slopes, to experience skiing in its freest, purest form.<\/p>\t\t\t\t\t\t\t\t<\/div>\n\t\t\t\t<\/div>\n\t\t\t\t<div class=\"elementor-element elementor-element-b6e3986 fade-text elementor-widget elementor-widget-text-editor\" data-id=\"b6e3986\" data-element_type=\"widget\" data-e-type=\"widget\" data-widget_type=\"text-editor.default\">\n\t\t\t\t<div class=\"elementor-widget-container\">\n\t\t\t\t\t\t\t\t\t<p>Accompanied by an experienced guide, each descent is an aerial ballet, a dialogue between skier and mountain, an adventure where adrenalin and raw beauty merge in a moment of eternity. With the wild slopes of the Italian Piedmont, heliskiing becomes an ode to travel and the untamed mountain.<\/p>\t\t\t\t\t\t\t\t<\/div>\n\t\t\t\t<\/div>\n\t\t\t\t<div class=\"elementor-element elementor-element-d11e242 fade-text elementor-widget elementor-widget-heading\" data-id=\"d11e242\" data-element_type=\"widget\" data-e-type=\"widget\" data-widget_type=\"heading.default\">\n\t\t\t\t<div class=\"elementor-widget-container\">\n\t\t\t\t\t<h2 class=\"elementor-heading-title elementor-size-default\">For bookings:<\/h2>\t\t\t\t<\/div>\n\t\t\t\t<\/div>\n\t\t<div class=\"elementor-element elementor-element-dce3b90 fade-button e-con-full e-flex e-con e-child\" data-id=\"dce3b90\" data-element_type=\"container\" data-e-type=\"container\">\n\t\t\t\t<div class=\"elementor-element elementor-element-bcba16c elementor-align-justify elementor-widget elementor-widget-button\" data-id=\"bcba16c\" data-element_type=\"widget\" data-e-type=\"widget\" data-widget_type=\"button.default\">\n\t\t\t\t<div class=\"elementor-widget-container\">\n\t\t\t\t\t\t\t\t\t<div class=\"elementor-button-wrapper\">\n\t\t\t\t\t<a class=\"elementor-button elementor-button-link elementor-size-sm\" href=\"https:\/\/www.anova-hotel.com\/en\/anova-hotel-montgenevre\/\">\n\t\t\t\t\t\t<span class=\"elementor-button-content-wrapper\">\n\t\t\t\t\t\t\t\t\t<span class=\"elementor-button-text\">CONTACT US<\/span>\n\t\t\t\t\t<\/span>\n\t\t\t\t\t<\/a>\n\t\t\t\t<\/div>\n\t\t\t\t\t\t\t\t<\/div>\n\t\t\t\t<\/div>\n\t\t\t\t<\/div>\n\t\t<div class=\"elementor-element elementor-element-e05182e fade-button e-con-full e-flex e-con e-child\" data-id=\"e05182e\" data-element_type=\"container\" data-e-type=\"container\">\n\t\t\t\t<div class=\"elementor-element elementor-element-46c5483 elementor-align-justify elementor-widget elementor-widget-button\" data-id=\"46c5483\" data-element_type=\"widget\" data-e-type=\"widget\" data-widget_type=\"button.default\">\n\t\t\t\t<div class=\"elementor-widget-container\">\n\t\t\t\t\t\t\t\t\t<div class=\"elementor-button-wrapper\">\n\t\t\t\t\t<a class=\"elementor-button elementor-button-link elementor-size-sm\" href=\"https:\/\/www.capcadeau.com\/anova-hotel\/heliski-avec-anova-et-pure-ski-helisking-company\" rel=\"nofollow noopener\" target=\"_blank\">\n\t\t\t\t\t\t<span class=\"elementor-button-content-wrapper\">\n\t\t\t\t\t\t\t\t\t<span class=\"elementor-button-text\">GIFT VOUCHER<\/span>\n\t\t\t\t\t<\/span>\n\t\t\t\t\t<\/a>\n\t\t\t\t<\/div>\n\t\t\t\t\t\t\t\t<\/div>\n\t\t\t\t<\/div>\n\t\t\t\t<\/div>\n\t\t\t\t\t<\/div>\n\t\t\t\t<\/div>\n\t\t\t\t<\/div>\n\t\t<div class=\"elementor-element elementor-element-69f08153 e-con-full e-flex e-con e-child\" data-id=\"69f08153\" data-element_type=\"container\" data-e-type=\"container\" data-settings=\"{&quot;background_background&quot;:&quot;classic&quot;}\">\n\t\t\t\t<\/div>\n\t\t\t\t<\/div>\n\t\t<div class=\"elementor-element elementor-element-62a940e e-con-full fade-bloc e-flex e-con e-parent\" data-id=\"62a940e\" data-element_type=\"container\" data-e-type=\"container\">\n\t\t<div class=\"elementor-element elementor-element-259d5eee e-con-full fade-content e-flex e-con e-child\" data-id=\"259d5eee\" data-element_type=\"container\" data-e-type=\"container\" data-settings=\"{&quot;background_background&quot;:&quot;classic&quot;}\">\n\t\t<div class=\"elementor-element elementor-element-4e840173 e-flex e-con-boxed e-con e-child\" data-id=\"4e840173\" data-element_type=\"container\" data-e-type=\"container\">\n\t\t\t\t\t<div class=\"e-con-inner\">\n\t\t\t\t<div class=\"elementor-element elementor-element-1fc93e81 fade-title elementor-widget elementor-widget-text-editor\" data-id=\"1fc93e81\" data-element_type=\"widget\" data-e-type=\"widget\" data-widget_type=\"text-editor.default\">\n\t\t\t\t<div class=\"elementor-widget-container\">\n\t\t\t\t\t\t\t\t\t<h2>An experience accessible from Montgen\u00e8vre, a legendary ski resort<\/h2>\t\t\t\t\t\t\t\t<\/div>\n\t\t\t\t<\/div>\n\t\t\t\t<div class=\"elementor-element elementor-element-b5bf0aa fade-text elementor-widget elementor-widget-text-editor\" data-id=\"b5bf0aa\" data-element_type=\"widget\" data-e-type=\"widget\" data-widget_type=\"text-editor.default\">\n\t\t\t\t<div class=\"elementor-widget-container\">\n\t\t\t\t\t\t\t\t\t<p>Just a few steps from the hotel, the escape begins. Thanks to our booking service, we can organise your tailor-made heliskiing trip, for an adventure to match your expectations. Montgen\u00e8vre, a pioneering ski resort, opens the doors to the untouched territories of the Italian side of the mountains, where the snow is a promise of freedom.<\/p><p>For skiers in search of thrills and novelty, heliskiing is an invitation to see the mountain differently, to touch the intangible, to etch in the powder the trace of a suspended moment.<\/p>\t\t\t\t\t\t\t\t<\/div>\n\t\t\t\t<\/div>\n\t\t\t\t<div class=\"elementor-element elementor-element-bff6ce7 fade-subtext elementor-widget elementor-widget-text-editor\" data-id=\"bff6ce7\" data-element_type=\"widget\" data-e-type=\"widget\" data-widget_type=\"text-editor.default\">\n\t\t\t\t<div class=\"elementor-widget-container\">\n\t\t\t\t\t\t\t\t\t<h2>An experience accessible from Montgen\u00e8vre, a legendary ski resort<\/h2>\t\t\t\t\t\t\t\t<\/div>\n\t\t\t\t<\/div>\n\t\t\t\t<div class=\"elementor-element elementor-element-15857b59 fade-text elementor-widget elementor-widget-text-editor\" data-id=\"15857b59\" data-element_type=\"widget\" data-e-type=\"widget\" data-widget_type=\"text-editor.default\">\n\t\t\t\t<div class=\"elementor-widget-container\">\n\t\t\t\t\t\t\t\t\t<div class=\"divertisement\"><div class=\"divert_text\"><h3><span class=\"or_anova\">Heliskiing in the Susa Valley<\/span><\/h3><p>We have listed over 80 different descents in our 5 heli-skiing sectors in the Haute Vall\u00e9e de Suse. Our guides choose the runs according to the level of each participant and the snow conditions at the time. The vertical drop of the runs depends on your level, from 1,600 to 800 metres.<\/p><p>You can choose to return by helicopter to the departure base, with the option of a stop &amp; go in a typical restaurant.<\/p><h3><span class=\"or_anova\">And at Mont Viso<\/span><\/h3><p>Mont Viso is a mythical mountain at an altitude of 3841m. Take on all the descents in the Col du Lupo, Col Agnel and Vallon de la Soustra sectors. Julius Caesar thought it was the highest mountain in Europe! It has been claimed that the American film company Paramout Pictures used it as the inspiration for their world-famous logo. They chose it for its beauty and its skiing, so choose it too!<\/p><\/div><\/div>\t\t\t\t\t\t\t\t<\/div>\n\t\t\t\t<\/div>\n\t\t\t\t\t<\/div>\n\t\t\t\t<\/div>\n\t\t\t\t<\/div>\n\t\t<div class=\"elementor-element elementor-element-213fee6e e-con-full e-flex e-con e-child\" data-id=\"213fee6e\" data-element_type=\"container\" data-e-type=\"container\" data-settings=\"{&quot;background_background&quot;:&quot;classic&quot;}\">\n\t\t\t\t<\/div>\n\t\t\t\t<\/div>\n\t\t\t\t<\/div>","protected":false},"excerpt":{"rendered":"<p>Montgen\u00e8vre station de ski Destination pr\u00e9c\u00e9dente Destination suivante Montgen\u00e8vre, station de ski et terre d\u2019aventure Perch\u00e9 aux portes de l\u2019Italie, Montgen\u00e8vre station de ski d\u00e9voile un terrain de jeu sans limites, o\u00f9 la neige danse sous les spatules et o\u00f9 l\u2019horizon s\u2019\u00e9tire bien au-del\u00e0 des cimes. Pour les amateurs de sensations pures, une exp\u00e9rience unique [&hellip;]<\/p>\n","protected":false},"author":13,"featured_media":0,"parent":67,"menu_order":0,"comment_status":"closed","ping_status":"closed","template":"","meta":{"_acf_changed":false,"inline_featured_image":false,"footnotes":""},"class_list":["post-1422","page","type-page","status-publish","hentry"],"acf":[],"_links":{"self":[{"href":"https:\/\/www.anova-hotel.com\/en\/wp-json\/wp\/v2\/pages\/1422","targetHints":{"allow":["GET"]}}],"collection":[{"href":"https:\/\/www.anova-hotel.com\/en\/wp-json\/wp\/v2\/pages"}],"about":[{"href":"https:\/\/www.anova-hotel.com\/en\/wp-json\/wp\/v2\/types\/page"}],"author":[{"embeddable":true,"href":"https:\/\/www.anova-hotel.com\/en\/wp-json\/wp\/v2\/users\/13"}],"replies":[{"embeddable":true,"href":"https:\/\/www.anova-hotel.com\/en\/wp-json\/wp\/v2\/comments?post=1422"}],"version-history":[{"count":100,"href":"https:\/\/www.anova-hotel.com\/en\/wp-json\/wp\/v2\/pages\/1422\/revisions"}],"predecessor-version":[{"id":6727,"href":"https:\/\/www.anova-hotel.com\/en\/wp-json\/wp\/v2\/pages\/1422\/revisions\/6727"}],"up":[{"embeddable":true,"href":"https:\/\/www.anova-hotel.com\/en\/wp-json\/wp\/v2\/pages\/67"}],"wp:attachment":[{"href":"https:\/\/www.anova-hotel.com\/en\/wp-json\/wp\/v2\/media?parent=1422"}],"curies":[{"name":"wp","href":"https:\/\/api.w.org\/{rel}","templated":true}]}}