{"id":1485,"date":"2023-07-04T12:14:34","date_gmt":"2023-07-04T10:14:34","guid":{"rendered":"https:\/\/www.anova-hotel.com\/?page_id=1485"},"modified":"2025-05-15T16:33:30","modified_gmt":"2025-05-15T14:33:30","slug":"bar-montgenevre","status":"publish","type":"page","link":"https:\/\/www.anova-hotel.com\/en\/activite-montgenevre\/bar-montgenevre\/","title":{"rendered":"The Spa bar experience"},"content":{"rendered":"<div data-elementor-type=\"wp-page\" data-elementor-id=\"1485\" class=\"elementor elementor-1485\" data-elementor-post-type=\"page\">\n\t\t\t\t<div class=\"elementor-element elementor-element-21a5f571 e-con-full e-flex e-con e-parent\" data-id=\"21a5f571\" data-element_type=\"container\" data-e-type=\"container\" data-settings=\"{&quot;background_background&quot;:&quot;classic&quot;}\">\n\t\t\t\t<div class=\"elementor-element elementor-element-2d3625ad elementor-widget elementor-widget-heading\" data-id=\"2d3625ad\" data-element_type=\"widget\" data-e-type=\"widget\" data-widget_type=\"heading.default\">\n\t\t\t\t<div class=\"elementor-widget-container\">\n\t\t\t\t\t<span class=\"elementor-heading-title elementor-size-default\">The Spa bar experience<\/span>\t\t\t\t<\/div>\n\t\t\t\t<\/div>\n\t\t\t\t<div class=\"elementor-element elementor-element-7fcbf83 elementor-widget elementor-widget-heading\" data-id=\"7fcbf83\" data-element_type=\"widget\" data-e-type=\"widget\" data-widget_type=\"heading.default\">\n\t\t\t\t<div class=\"elementor-widget-container\">\n\t\t\t\t\t<h1 class=\"elementor-heading-title elementor-size-default\">Bar Montgen\u00e8vre<\/h1>\t\t\t\t<\/div>\n\t\t\t\t<\/div>\n\t\t\t\t<\/div>\n\t\t<div class=\"elementor-element elementor-element-6b265e8f e-con-full e-flex e-con e-parent\" data-id=\"6b265e8f\" data-element_type=\"container\" data-e-type=\"container\">\n\t\t\t\t<div class=\"elementor-element elementor-element-6cf58dfb elementor-mobile-align-center elementor-widget elementor-widget-button\" data-id=\"6cf58dfb\" data-element_type=\"widget\" data-e-type=\"widget\" data-widget_type=\"button.default\">\n\t\t\t\t<div class=\"elementor-widget-container\">\n\t\t\t\t\t\t\t\t\t<div class=\"elementor-button-wrapper\">\n\t\t\t\t\t<a class=\"elementor-button elementor-button-link elementor-size-sm\" href=\"https:\/\/www.anova-hotel.com\/en\/activite-montgenevre\/heliski\/\">\n\t\t\t\t\t\t<span class=\"elementor-button-content-wrapper\">\n\t\t\t\t\t\t<span class=\"elementor-button-icon\">\n\t\t\t\t<i aria-hidden=\"true\" class=\"eliofont eliofont-arrow-left\"><\/i>\t\t\t<\/span>\n\t\t\t\t\t\t\t\t\t<span class=\"elementor-button-text\">Previous destination<\/span>\n\t\t\t\t\t<\/span>\n\t\t\t\t\t<\/a>\n\t\t\t\t<\/div>\n\t\t\t\t\t\t\t\t<\/div>\n\t\t\t\t<\/div>\n\t\t\t\t<div class=\"elementor-element elementor-element-24ece21e elementor-mobile-align-center elementor-widget elementor-widget-button\" data-id=\"24ece21e\" data-element_type=\"widget\" data-e-type=\"widget\" data-widget_type=\"button.default\">\n\t\t\t\t<div class=\"elementor-widget-container\">\n\t\t\t\t\t\t\t\t\t<div class=\"elementor-button-wrapper\">\n\t\t\t\t\t<a class=\"elementor-button elementor-button-link elementor-size-sm\" href=\"https:\/\/www.anova-hotel.com\/en\/activite-montgenevre\/golf-montgenevre\/\">\n\t\t\t\t\t\t<span class=\"elementor-button-content-wrapper\">\n\t\t\t\t\t\t<span class=\"elementor-button-icon\">\n\t\t\t\t<i aria-hidden=\"true\" class=\"eliofont eliofont-arrow-right\"><\/i>\t\t\t<\/span>\n\t\t\t\t\t\t\t\t\t<span class=\"elementor-button-text\">Next destination<\/span>\n\t\t\t\t\t<\/span>\n\t\t\t\t\t<\/a>\n\t\t\t\t<\/div>\n\t\t\t\t\t\t\t\t<\/div>\n\t\t\t\t<\/div>\n\t\t\t\t<\/div>\n\t\t<div class=\"elementor-element elementor-element-8b98dc5 e-con-full fade-bloc e-flex e-con e-parent\" data-id=\"8b98dc5\" data-element_type=\"container\" data-e-type=\"container\" data-settings=\"{&quot;background_background&quot;:&quot;classic&quot;}\">\n\t\t<div class=\"elementor-element elementor-element-ab57f8e e-con-full fade-content e-flex e-con e-child\" data-id=\"ab57f8e\" data-element_type=\"container\" data-e-type=\"container\" data-settings=\"{&quot;background_background&quot;:&quot;classic&quot;}\">\n\t\t<div class=\"elementor-element elementor-element-a5cfbd0 e-flex e-con-boxed e-con e-child\" data-id=\"a5cfbd0\" data-element_type=\"container\" data-e-type=\"container\">\n\t\t\t\t\t<div class=\"e-con-inner\">\n\t\t\t\t<div class=\"elementor-element elementor-element-411b5c9 fade-title elementor-widget elementor-widget-heading\" data-id=\"411b5c9\" data-element_type=\"widget\" data-e-type=\"widget\" data-widget_type=\"heading.default\">\n\t\t\t\t<div class=\"elementor-widget-container\">\n\t\t\t\t\t<h2 class=\"elementor-heading-title elementor-size-default\">A unique concept in the heart of the mountains<\/h2>\t\t\t\t<\/div>\n\t\t\t\t<\/div>\n\t\t\t\t<div class=\"elementor-element elementor-element-cf38945 fade-subtext elementor-widget elementor-widget-text-editor\" data-id=\"cf38945\" data-element_type=\"widget\" data-e-type=\"widget\" data-widget_type=\"text-editor.default\">\n\t\t\t\t<div class=\"elementor-widget-container\">\n\t\t\t\t\t\t\t\t\t<div class=\"divertisement\"><div class=\"divert_text\"><p><strong>Anne S\u00e9monin's spas offer a special space dedicated to beauty and well-being in a refined, soft and hushed atmosphere. An invitation to travel...<\/strong><\/p><p>\u00a0<\/p><p>Immerse yourself in the tranquil world of the Spa de l'H\u00f4tel Anova by Anne S\u00e9monin. Rediscover your senses and leave feeling relaxed and revitalised thanks to our personalised treatments. Everyone can choose their own moment of pampering. The spa is open every day from 10am to 9pm. 1 treatment purchased = 1 spa access free.<\/p><p>\u00a0<\/p><p><strong>Available in summer and winter.<\/strong><\/p><\/div><\/div>\t\t\t\t\t\t\t\t<\/div>\n\t\t\t\t<\/div>\n\t\t\t\t<div class=\"elementor-element elementor-element-c94dbe0 fade-subtext elementor-widget elementor-widget-text-editor\" data-id=\"c94dbe0\" data-element_type=\"widget\" data-e-type=\"widget\" data-widget_type=\"text-editor.default\">\n\t\t\t\t<div class=\"elementor-widget-container\">\n\t\t\t\t\t\t\t\t\t<p>In Montgen\u00e8vre, the pleasure of relaxation blends with the art of mixology. Imagine yourself lulled by the warmth of a bubbling bath, a refined cocktail in hand, in a cosy, intimate atmosphere. The Spa Bar at the Anova hotel is an invitation to savour the moment, to combine well-being and culinary pleasures in a timeless setting.<\/p>\t\t\t\t\t\t\t\t<\/div>\n\t\t\t\t<\/div>\n\t\t\t\t<div class=\"elementor-element elementor-element-016d3e4 fade-subtext elementor-widget elementor-widget-heading\" data-id=\"016d3e4\" data-element_type=\"widget\" data-e-type=\"widget\" data-widget_type=\"heading.default\">\n\t\t\t\t<div class=\"elementor-widget-container\">\n\t\t\t\t\t<h2 class=\"elementor-heading-title elementor-size-default\">For bookings:<\/h2>\t\t\t\t<\/div>\n\t\t\t\t<\/div>\n\t\t<div class=\"elementor-element elementor-element-166b667 fade-button e-con-full e-flex e-con e-child\" data-id=\"166b667\" data-element_type=\"container\" data-e-type=\"container\">\n\t\t\t\t<div class=\"elementor-element elementor-element-3dcc220 elementor-align-justify elementor-widget elementor-widget-button\" data-id=\"3dcc220\" data-element_type=\"widget\" data-e-type=\"widget\" data-widget_type=\"button.default\">\n\t\t\t\t<div class=\"elementor-widget-container\">\n\t\t\t\t\t\t\t\t\t<div class=\"elementor-button-wrapper\">\n\t\t\t\t\t<a class=\"elementor-button elementor-button-link elementor-size-sm\" href=\"https:\/\/www.anova-hotel.com\/en\/anova-hotel-montgenevre\/\">\n\t\t\t\t\t\t<span class=\"elementor-button-content-wrapper\">\n\t\t\t\t\t\t\t\t\t<span class=\"elementor-button-text\">CONTACT US<\/span>\n\t\t\t\t\t<\/span>\n\t\t\t\t\t<\/a>\n\t\t\t\t<\/div>\n\t\t\t\t\t\t\t\t<\/div>\n\t\t\t\t<\/div>\n\t\t\t\t<\/div>\n\t\t<div class=\"elementor-element elementor-element-cddd74f fade-button e-con-full e-flex e-con e-child\" data-id=\"cddd74f\" data-element_type=\"container\" data-e-type=\"container\">\n\t\t\t\t<div class=\"elementor-element elementor-element-e89c775 elementor-align-justify elementor-widget elementor-widget-button\" data-id=\"e89c775\" data-element_type=\"widget\" data-e-type=\"widget\" data-widget_type=\"button.default\">\n\t\t\t\t<div class=\"elementor-widget-container\">\n\t\t\t\t\t\t\t\t\t<div class=\"elementor-button-wrapper\">\n\t\t\t\t\t<a class=\"elementor-button elementor-button-link elementor-size-sm\" href=\"https:\/\/www.capcadeau.com\/anova-hotel\/heliski-avec-anova-et-pure-ski-helisking-company\" rel=\"nofollow noopener\" target=\"_blank\">\n\t\t\t\t\t\t<span class=\"elementor-button-content-wrapper\">\n\t\t\t\t\t\t\t\t\t<span class=\"elementor-button-text\">GIFT VOUCHER<\/span>\n\t\t\t\t\t<\/span>\n\t\t\t\t\t<\/a>\n\t\t\t\t<\/div>\n\t\t\t\t\t\t\t\t<\/div>\n\t\t\t\t<\/div>\n\t\t\t\t<\/div>\n\t\t\t\t\t<\/div>\n\t\t\t\t<\/div>\n\t\t\t\t<\/div>\n\t\t<div class=\"elementor-element elementor-element-69440c2 e-con-full e-flex e-con e-child\" data-id=\"69440c2\" data-element_type=\"container\" data-e-type=\"container\" data-settings=\"{&quot;background_background&quot;:&quot;classic&quot;}\">\n\t\t\t\t<\/div>\n\t\t\t\t<\/div>\n\t\t<div class=\"elementor-element elementor-element-2c37ba1 e-con-full fade-bloc e-flex e-con e-parent\" data-id=\"2c37ba1\" data-element_type=\"container\" data-e-type=\"container\">\n\t\t<div class=\"elementor-element elementor-element-fdf873a e-con-full fade-content e-flex e-con e-child\" data-id=\"fdf873a\" data-element_type=\"container\" data-e-type=\"container\" data-settings=\"{&quot;background_background&quot;:&quot;classic&quot;}\">\n\t\t<div class=\"elementor-element elementor-element-1514018 e-flex e-con-boxed e-con e-child\" data-id=\"1514018\" data-element_type=\"container\" data-e-type=\"container\">\n\t\t\t\t\t<div class=\"e-con-inner\">\n\t\t\t\t<div class=\"elementor-element elementor-element-1f9d61e fade-title elementor-widget elementor-widget-heading\" data-id=\"1f9d61e\" data-element_type=\"widget\" data-e-type=\"widget\" data-widget_type=\"heading.default\">\n\t\t\t\t<div class=\"elementor-widget-container\">\n\t\t\t\t\t<h2 class=\"elementor-heading-title elementor-size-default\">A sensory interlude between bubbles and flavours<\/h2>\t\t\t\t<\/div>\n\t\t\t\t<\/div>\n\t\t\t\t<div class=\"elementor-element elementor-element-a9ec874 fade-subtext elementor-widget elementor-widget-text-editor\" data-id=\"a9ec874\" data-element_type=\"widget\" data-e-type=\"widget\" data-widget_type=\"text-editor.default\">\n\t\t\t\t<div class=\"elementor-widget-container\">\n\t\t\t\t\t\t\t\t\t<p>Between a session in the hammam, a visit to the sauna or a moment of relaxation in the heated pool, let yourself be tempted by a carefully selected cocktail and wine list. A Montgen\u00e8vre bar par excellence, the Anova Spa Bar offers a unique experience where well-being extends to your taste buds.<\/p>\t\t\t\t\t\t\t\t<\/div>\n\t\t\t\t<\/div>\n\t\t\t\t\t<\/div>\n\t\t\t\t<\/div>\n\t\t\t\t<\/div>\n\t\t<div class=\"elementor-element elementor-element-83c4571 e-con-full e-flex e-con e-child\" data-id=\"83c4571\" data-element_type=\"container\" data-e-type=\"container\" data-settings=\"{&quot;background_background&quot;:&quot;classic&quot;}\">\n\t\t\t\t<\/div>\n\t\t\t\t<\/div>\n\t\t\t\t<\/div>","protected":false},"excerpt":{"rendered":"<p>Bar Montgen\u00e8vre Destination pr\u00e9c\u00e9dente Destination suivante Un concept in\u00e9dit au c\u0153ur des montagnes Dans une atmosph\u00e8re raffin\u00e9e, douce, et feutr\u00e9e, les spas Anne S\u00e9monin offrent un espace privil\u00e9gi\u00e9 d\u00e9di\u00e9 \u00e0 la beaut\u00e9 et au bien-\u00eatre. Invitation \u00e0 tous les voyages\u2026 \u00a0 Plongez-vous dans le monde de qui\u00e9tude du Spa de l&rsquo;H\u00f4tel Anova par Anne S\u00e9monin. [&hellip;]<\/p>\n","protected":false},"author":13,"featured_media":0,"parent":67,"menu_order":0,"comment_status":"closed","ping_status":"closed","template":"","meta":{"_acf_changed":false,"inline_featured_image":false,"footnotes":""},"class_list":["post-1485","page","type-page","status-publish","hentry"],"acf":[],"_links":{"self":[{"href":"https:\/\/www.anova-hotel.com\/en\/wp-json\/wp\/v2\/pages\/1485","targetHints":{"allow":["GET"]}}],"collection":[{"href":"https:\/\/www.anova-hotel.com\/en\/wp-json\/wp\/v2\/pages"}],"about":[{"href":"https:\/\/www.anova-hotel.com\/en\/wp-json\/wp\/v2\/types\/page"}],"author":[{"embeddable":true,"href":"https:\/\/www.anova-hotel.com\/en\/wp-json\/wp\/v2\/users\/13"}],"replies":[{"embeddable":true,"href":"https:\/\/www.anova-hotel.com\/en\/wp-json\/wp\/v2\/comments?post=1485"}],"version-history":[{"count":84,"href":"https:\/\/www.anova-hotel.com\/en\/wp-json\/wp\/v2\/pages\/1485\/revisions"}],"predecessor-version":[{"id":6308,"href":"https:\/\/www.anova-hotel.com\/en\/wp-json\/wp\/v2\/pages\/1485\/revisions\/6308"}],"up":[{"embeddable":true,"href":"https:\/\/www.anova-hotel.com\/en\/wp-json\/wp\/v2\/pages\/67"}],"wp:attachment":[{"href":"https:\/\/www.anova-hotel.com\/en\/wp-json\/wp\/v2\/media?parent=1485"}],"curies":[{"name":"wp","href":"https:\/\/api.w.org\/{rel}","templated":true}]}}