{"id":3688,"date":"2025-04-10T12:28:00","date_gmt":"2025-04-10T10:28:00","guid":{"rendered":"https:\/\/www.anova-hotel.com\/?page_id=3688"},"modified":"2025-05-15T16:01:06","modified_gmt":"2025-05-15T14:01:06","slug":"supergt","status":"publish","type":"page","link":"https:\/\/www.anova-hotel.com\/en\/activite-montgenevre\/supergt\/","title":{"rendered":"Montgen\u00e8vre and the 2030 Olympics"},"content":{"rendered":"<div data-elementor-type=\"wp-page\" data-elementor-id=\"3688\" class=\"elementor elementor-3688\" data-elementor-post-type=\"page\">\n\t\t\t\t<div class=\"elementor-element elementor-element-7e28f043 e-con-full e-flex e-con e-parent\" data-id=\"7e28f043\" data-element_type=\"container\" data-e-type=\"container\" data-settings=\"{&quot;background_background&quot;:&quot;classic&quot;}\">\n\t\t\t\t<div class=\"elementor-element elementor-element-22325961 elementor-widget elementor-widget-heading\" data-id=\"22325961\" data-element_type=\"widget\" data-e-type=\"widget\" data-widget_type=\"heading.default\">\n\t\t\t\t<div class=\"elementor-widget-container\">\n\t\t\t\t\t<span class=\"elementor-heading-title elementor-size-default\">Montgen\u00e8vre and the 2030 Olympics<\/span>\t\t\t\t<\/div>\n\t\t\t\t<\/div>\n\t\t\t\t<div class=\"elementor-element elementor-element-d63f350 elementor-widget elementor-widget-heading\" data-id=\"d63f350\" data-element_type=\"widget\" data-e-type=\"widget\" data-widget_type=\"heading.default\">\n\t\t\t\t<div class=\"elementor-widget-container\">\n\t\t\t\t\t<h1 class=\"elementor-heading-title elementor-size-default\">Your hotel in Montgen\u00e8vre<\/h1>\t\t\t\t<\/div>\n\t\t\t\t<\/div>\n\t\t\t\t<\/div>\n\t\t<div class=\"elementor-element elementor-element-148fbbce e-con-full e-flex e-con e-parent\" data-id=\"148fbbce\" data-element_type=\"container\" data-e-type=\"container\">\n\t\t\t\t<div class=\"elementor-element elementor-element-64bfdd2 elementor-mobile-align-center elementor-widget elementor-widget-button\" data-id=\"64bfdd2\" data-element_type=\"widget\" data-e-type=\"widget\" data-widget_type=\"button.default\">\n\t\t\t\t<div class=\"elementor-widget-container\">\n\t\t\t\t\t\t\t\t\t<div class=\"elementor-button-wrapper\">\n\t\t\t\t\t<a class=\"elementor-button elementor-button-link elementor-size-sm\" href=\"https:\/\/www.anova-hotel.com\/en\/activite-montgenevre\/golf-montgenevre\/\">\n\t\t\t\t\t\t<span class=\"elementor-button-content-wrapper\">\n\t\t\t\t\t\t<span class=\"elementor-button-icon\">\n\t\t\t\t<i aria-hidden=\"true\" class=\"eliofont eliofont-arrow-left\"><\/i>\t\t\t<\/span>\n\t\t\t\t\t\t\t\t\t<span class=\"elementor-button-text\">Previous destination<\/span>\n\t\t\t\t\t<\/span>\n\t\t\t\t\t<\/a>\n\t\t\t\t<\/div>\n\t\t\t\t\t\t\t\t<\/div>\n\t\t\t\t<\/div>\n\t\t\t\t<div class=\"elementor-element elementor-element-b498f75 elementor-mobile-align-center elementor-widget elementor-widget-button\" data-id=\"b498f75\" data-element_type=\"widget\" data-e-type=\"widget\" data-widget_type=\"button.default\">\n\t\t\t\t<div class=\"elementor-widget-container\">\n\t\t\t\t\t\t\t\t\t<div class=\"elementor-button-wrapper\">\n\t\t\t\t\t<a class=\"elementor-button elementor-button-link elementor-size-sm\" href=\"https:\/\/www.anova-hotel.com\/en\/activite-montgenevre\/heliski\/\">\n\t\t\t\t\t\t<span class=\"elementor-button-content-wrapper\">\n\t\t\t\t\t\t<span class=\"elementor-button-icon\">\n\t\t\t\t<i aria-hidden=\"true\" class=\"eliofont eliofont-arrow-right\"><\/i>\t\t\t<\/span>\n\t\t\t\t\t\t\t\t\t<span class=\"elementor-button-text\">Next destination<\/span>\n\t\t\t\t\t<\/span>\n\t\t\t\t\t<\/a>\n\t\t\t\t<\/div>\n\t\t\t\t\t\t\t\t<\/div>\n\t\t\t\t<\/div>\n\t\t\t\t<\/div>\n\t\t<div class=\"elementor-element elementor-element-c5e1986 e-con-full fade-bloc e-flex e-con e-parent\" data-id=\"c5e1986\" data-element_type=\"container\" data-e-type=\"container\" data-settings=\"{&quot;background_background&quot;:&quot;classic&quot;}\">\n\t\t<div class=\"elementor-element elementor-element-22e26e7 e-con-full fade-content e-flex e-con e-child\" data-id=\"22e26e7\" data-element_type=\"container\" data-e-type=\"container\" data-settings=\"{&quot;background_background&quot;:&quot;classic&quot;}\">\n\t\t<div class=\"elementor-element elementor-element-12d2bde e-flex e-con-boxed e-con e-child\" data-id=\"12d2bde\" data-element_type=\"container\" data-e-type=\"container\">\n\t\t\t\t\t<div class=\"e-con-inner\">\n\t\t\t\t<div class=\"elementor-element elementor-element-d18fa49 fade-subtext elementor-widget elementor-widget-text-editor\" data-id=\"d18fa49\" data-element_type=\"widget\" data-e-type=\"widget\" data-widget_type=\"text-editor.default\">\n\t\t\t\t<div class=\"elementor-widget-container\">\n\t\t\t\t\t\t\t\t\t<h2>Montgen\u00e8vre and the 2030 Winter Olympics: a world stage for freestyle skiing<\/h2>\t\t\t\t\t\t\t\t<\/div>\n\t\t\t\t<\/div>\n\t\t\t\t<div class=\"elementor-element elementor-element-cf71ab2 fade-text elementor-widget elementor-widget-text-editor\" data-id=\"cf71ab2\" data-element_type=\"widget\" data-e-type=\"widget\" data-widget_type=\"text-editor.default\">\n\t\t\t\t<div class=\"elementor-widget-container\">\n\t\t\t\t\t\t\t\t\t<p>Nestling in the heart of the Hautes-Alpes, Montgen\u00e8vre is preparing to write a new page in its history by hosting the 2030 Winter Olympics. An emblematic resort with a modern infrastructure, it is preparing to become the stage for world-renowned freestyle skiing competitions. To make the most of this unique event, choose a hotel in Montgen\u00e8vre and immerse yourself in the Olympic excitement.<\/p><p>\u00a0<\/p>\t\t\t\t\t\t\t\t<\/div>\n\t\t\t\t<\/div>\n\t\t\t\t<div class=\"elementor-element elementor-element-ad376ca fade-subtext elementor-widget elementor-widget-text-editor\" data-id=\"ad376ca\" data-element_type=\"widget\" data-e-type=\"widget\" data-widget_type=\"text-editor.default\">\n\t\t\t\t<div class=\"elementor-widget-container\">\n\t\t\t\t\t\t\t\t\t<h2>A showcase for freestyle skiing and snowboarding<\/h2>\t\t\t\t\t\t\t\t<\/div>\n\t\t\t\t<\/div>\n\t\t\t\t<div class=\"elementor-element elementor-element-9883174 fade-text elementor-widget elementor-widget-text-editor\" data-id=\"9883174\" data-element_type=\"widget\" data-e-type=\"widget\" data-widget_type=\"text-editor.default\">\n\t\t\t\t<div class=\"elementor-widget-container\">\n\t\t\t\t\t\t\t\t\t<p>During the 2030 Olympic Games, Montgen\u00e8vre will host the freestyle skiing and snowboarding events, spectacular disciplines that captivate winter sports enthusiasts the world over. The athletes will compete on specially prepared slopes for slopestyle, big air and alpine snowboarding (parallel giant). Watch these performances from a hotel in Montgen\u00e8vre, ideally situated to take full advantage of the event and the breathtaking panoramas of the Alps.<\/p>\t\t\t\t\t\t\t\t<\/div>\n\t\t\t\t<\/div>\n\t\t\t\t\t<\/div>\n\t\t\t\t<\/div>\n\t\t\t\t<\/div>\n\t\t<div class=\"elementor-element elementor-element-9b71bf0 e-con-full e-flex e-con e-child\" data-id=\"9b71bf0\" data-element_type=\"container\" data-e-type=\"container\" data-settings=\"{&quot;background_background&quot;:&quot;classic&quot;}\">\n\t\t\t\t<\/div>\n\t\t\t\t<\/div>\n\t\t<div class=\"elementor-element elementor-element-076255b e-con-full fade-bloc e-flex e-con e-parent\" data-id=\"076255b\" data-element_type=\"container\" data-e-type=\"container\">\n\t\t<div class=\"elementor-element elementor-element-01f3108 e-con-full fade-content e-flex e-con e-child\" data-id=\"01f3108\" data-element_type=\"container\" data-e-type=\"container\" data-settings=\"{&quot;background_background&quot;:&quot;classic&quot;}\">\n\t\t<div class=\"elementor-element elementor-element-465b5a8 e-flex e-con-boxed e-con e-child\" data-id=\"465b5a8\" data-element_type=\"container\" data-e-type=\"container\">\n\t\t\t\t\t<div class=\"e-con-inner\">\n\t\t\t\t<div class=\"elementor-element elementor-element-3953d2f fade-subtext elementor-widget elementor-widget-text-editor\" data-id=\"3953d2f\" data-element_type=\"widget\" data-e-type=\"widget\" data-widget_type=\"text-editor.default\">\n\t\t\t\t<div class=\"elementor-widget-container\">\n\t\t\t\t\t\t\t\t\t<h2><strong>Redesigned infrastructure for sporting excellence<\/strong><\/h2>\t\t\t\t\t\t\t\t<\/div>\n\t\t\t\t<\/div>\n\t\t\t\t<div class=\"elementor-element elementor-element-f892ee3 fade-text elementor-widget elementor-widget-text-editor\" data-id=\"f892ee3\" data-element_type=\"widget\" data-e-type=\"widget\" data-widget_type=\"text-editor.default\">\n\t\t\t\t<div class=\"elementor-widget-container\">\n\t\t\t\t\t\t\t\t\t<p>To host these major competitions, Montgen\u00e8vre is undertaking some ambitious developments. A common track will be dedicated to the skicross and snowboardcross events, guaranteeing a breathtaking spectacle. The finish area, designed to be accessible and immersive, will maximise the spectator experience. Staying in a hotel in Montgen\u00e8vre will give you a front row seat to this historic event, while enjoying the comfort and authenticity of the resort.<\/p>\t\t\t\t\t\t\t\t<\/div>\n\t\t\t\t<\/div>\n\t\t\t\t<div class=\"elementor-element elementor-element-f41c8fa fade-subtext elementor-widget elementor-widget-text-editor\" data-id=\"f41c8fa\" data-element_type=\"widget\" data-e-type=\"widget\" data-widget_type=\"text-editor.default\">\n\t\t\t\t<div class=\"elementor-widget-container\">\n\t\t\t\t\t\t\t\t\t<h2><strong>A lasting legacy for the region<\/strong><\/h2>\t\t\t\t\t\t\t\t<\/div>\n\t\t\t\t<\/div>\n\t\t\t\t<div class=\"elementor-element elementor-element-909c2f5 fade-text elementor-widget elementor-widget-text-editor\" data-id=\"909c2f5\" data-element_type=\"widget\" data-e-type=\"widget\" data-widget_type=\"text-editor.default\">\n\t\t\t\t<div class=\"elementor-widget-container\">\n\t\t\t\t\t\t\t\t\t<p>In addition to the Olympic Games, hosting this event represents a tremendous opportunity for Montgen\u00e8vre and its visitors. The investments made will benefit athletes and winter sports enthusiasts alike, making the resort even more attractive. Staying in a hotel in Montgen\u00e8vre means choosing a fast-moving destination where sport, nature and the art of living come together in an exceptional setting.<\/p><p>In preparing to host the 2030 Winter Olympics, Montgen\u00e8vre is confirming its status as a visionary resort, ready to offer athletes and spectators an unforgettable experience. Book your hotel in Montgen\u00e8vre now to live this adventure as close as possible to the slopes and to the rhythm of the Olympic exploits.<\/p>\t\t\t\t\t\t\t\t<\/div>\n\t\t\t\t<\/div>\n\t\t\t\t\t<\/div>\n\t\t\t\t<\/div>\n\t\t\t\t<\/div>\n\t\t<div class=\"elementor-element elementor-element-09187d4 e-con-full e-flex e-con e-child\" data-id=\"09187d4\" data-element_type=\"container\" data-e-type=\"container\" data-settings=\"{&quot;background_background&quot;:&quot;classic&quot;}\">\n\t\t\t\t<\/div>\n\t\t\t\t<\/div>\n\t\t\t\t<\/div>","protected":false},"excerpt":{"rendered":"<p>Votre h\u00f4tel \u00e0 Montgen\u00e8vre Destination pr\u00e9c\u00e9dente Destination suivante Montgen\u00e8vre et les JO d&rsquo;hiver 2030 : une sc\u00e8ne mondiale pour le ski freestyle Nich\u00e9e au c\u0153ur des Hautes-Alpes, Montgen\u00e8vre s&rsquo;appr\u00eate \u00e0 \u00e9crire une nouvelle page de son histoire en accueillant les Jeux Olympiques d&rsquo;hiver de 2030. Station embl\u00e9matique aux infrastructures modernes, elle se pr\u00e9pare \u00e0 devenir [&hellip;]<\/p>\n","protected":false},"author":9,"featured_media":0,"parent":67,"menu_order":0,"comment_status":"closed","ping_status":"closed","template":"","meta":{"_acf_changed":false,"inline_featured_image":false,"footnotes":""},"class_list":["post-3688","page","type-page","status-publish","hentry"],"acf":[],"_links":{"self":[{"href":"https:\/\/www.anova-hotel.com\/en\/wp-json\/wp\/v2\/pages\/3688","targetHints":{"allow":["GET"]}}],"collection":[{"href":"https:\/\/www.anova-hotel.com\/en\/wp-json\/wp\/v2\/pages"}],"about":[{"href":"https:\/\/www.anova-hotel.com\/en\/wp-json\/wp\/v2\/types\/page"}],"author":[{"embeddable":true,"href":"https:\/\/www.anova-hotel.com\/en\/wp-json\/wp\/v2\/users\/9"}],"replies":[{"embeddable":true,"href":"https:\/\/www.anova-hotel.com\/en\/wp-json\/wp\/v2\/comments?post=3688"}],"version-history":[{"count":25,"href":"https:\/\/www.anova-hotel.com\/en\/wp-json\/wp\/v2\/pages\/3688\/revisions"}],"predecessor-version":[{"id":6274,"href":"https:\/\/www.anova-hotel.com\/en\/wp-json\/wp\/v2\/pages\/3688\/revisions\/6274"}],"up":[{"embeddable":true,"href":"https:\/\/www.anova-hotel.com\/en\/wp-json\/wp\/v2\/pages\/67"}],"wp:attachment":[{"href":"https:\/\/www.anova-hotel.com\/en\/wp-json\/wp\/v2\/media?parent=3688"}],"curies":[{"name":"wp","href":"https:\/\/api.w.org\/{rel}","templated":true}]}}