{"id":3711,"date":"2025-04-10T12:32:51","date_gmt":"2025-04-10T10:32:51","guid":{"rendered":"https:\/\/www.anova-hotel.com\/?page_id=3711"},"modified":"2025-05-15T16:06:32","modified_gmt":"2025-05-15T14:06:32","slug":"montgenevre-summer","status":"publish","type":"page","link":"https:\/\/www.anova-hotel.com\/en\/activite-montgenevre\/montgenevre-ete\/","title":{"rendered":"Home club auto moto"},"content":{"rendered":"<div data-elementor-type=\"wp-page\" data-elementor-id=\"3711\" class=\"elementor elementor-3711\" data-elementor-post-type=\"page\">\n\t\t\t\t<div class=\"elementor-element elementor-element-7e28f043 e-con-full e-flex e-con e-parent\" data-id=\"7e28f043\" data-element_type=\"container\" data-e-type=\"container\" data-settings=\"{&quot;background_background&quot;:&quot;classic&quot;}\">\n\t\t\t\t<div class=\"elementor-element elementor-element-22325961 elementor-widget elementor-widget-heading\" data-id=\"22325961\" data-element_type=\"widget\" data-e-type=\"widget\" data-widget_type=\"heading.default\">\n\t\t\t\t<div class=\"elementor-widget-container\">\n\t\t\t\t\t<span class=\"elementor-heading-title elementor-size-default\">Home club auto moto<\/span>\t\t\t\t<\/div>\n\t\t\t\t<\/div>\n\t\t\t\t<div class=\"elementor-element elementor-element-d63f350 elementor-widget elementor-widget-heading\" data-id=\"d63f350\" data-element_type=\"widget\" data-e-type=\"widget\" data-widget_type=\"heading.default\">\n\t\t\t\t<div class=\"elementor-widget-container\">\n\t\t\t\t\t<h1 class=\"elementor-heading-title elementor-size-default\">Montgen\u00e8vre in summer<\/h1>\t\t\t\t<\/div>\n\t\t\t\t<\/div>\n\t\t\t\t<\/div>\n\t\t<div class=\"elementor-element elementor-element-148fbbce e-con-full e-flex e-con e-parent\" data-id=\"148fbbce\" data-element_type=\"container\" data-e-type=\"container\">\n\t\t\t\t<div class=\"elementor-element elementor-element-64bfdd2 elementor-mobile-align-center elementor-widget elementor-widget-button\" data-id=\"64bfdd2\" data-element_type=\"widget\" data-e-type=\"widget\" data-widget_type=\"button.default\">\n\t\t\t\t<div class=\"elementor-widget-container\">\n\t\t\t\t\t\t\t\t\t<div class=\"elementor-button-wrapper\">\n\t\t\t\t\t<a class=\"elementor-button elementor-button-link elementor-size-sm\" href=\"https:\/\/www.anova-hotel.com\/en\/activite-montgenevre\/golf-montgenevre\/\">\n\t\t\t\t\t\t<span class=\"elementor-button-content-wrapper\">\n\t\t\t\t\t\t<span class=\"elementor-button-icon\">\n\t\t\t\t<i aria-hidden=\"true\" class=\"eliofont eliofont-arrow-left\"><\/i>\t\t\t<\/span>\n\t\t\t\t\t\t\t\t\t<span class=\"elementor-button-text\">Previous destination<\/span>\n\t\t\t\t\t<\/span>\n\t\t\t\t\t<\/a>\n\t\t\t\t<\/div>\n\t\t\t\t\t\t\t\t<\/div>\n\t\t\t\t<\/div>\n\t\t\t\t<div class=\"elementor-element elementor-element-b498f75 elementor-mobile-align-center elementor-widget elementor-widget-button\" data-id=\"b498f75\" data-element_type=\"widget\" data-e-type=\"widget\" data-widget_type=\"button.default\">\n\t\t\t\t<div class=\"elementor-widget-container\">\n\t\t\t\t\t\t\t\t\t<div class=\"elementor-button-wrapper\">\n\t\t\t\t\t<a class=\"elementor-button elementor-button-link elementor-size-sm\" href=\"https:\/\/www.anova-hotel.com\/en\/activite-montgenevre\/heliski\/\">\n\t\t\t\t\t\t<span class=\"elementor-button-content-wrapper\">\n\t\t\t\t\t\t<span class=\"elementor-button-icon\">\n\t\t\t\t<i aria-hidden=\"true\" class=\"eliofont eliofont-arrow-right\"><\/i>\t\t\t<\/span>\n\t\t\t\t\t\t\t\t\t<span class=\"elementor-button-text\">Next destination<\/span>\n\t\t\t\t\t<\/span>\n\t\t\t\t\t<\/a>\n\t\t\t\t<\/div>\n\t\t\t\t\t\t\t\t<\/div>\n\t\t\t\t<\/div>\n\t\t\t\t<\/div>\n\t\t<div class=\"elementor-element elementor-element-c5e1986 e-con-full fade-bloc e-flex e-con e-parent\" data-id=\"c5e1986\" data-element_type=\"container\" data-e-type=\"container\" data-settings=\"{&quot;background_background&quot;:&quot;classic&quot;}\">\n\t\t<div class=\"elementor-element elementor-element-22e26e7 e-con-full fade-content e-flex e-con e-child\" data-id=\"22e26e7\" data-element_type=\"container\" data-e-type=\"container\" data-settings=\"{&quot;background_background&quot;:&quot;classic&quot;}\">\n\t\t<div class=\"elementor-element elementor-element-12d2bde e-flex e-con-boxed e-con e-child\" data-id=\"12d2bde\" data-element_type=\"container\" data-e-type=\"container\">\n\t\t\t\t\t<div class=\"e-con-inner\">\n\t\t\t\t<div class=\"elementor-element elementor-element-88821d7 fade-title elementor-widget elementor-widget-heading\" data-id=\"88821d7\" data-element_type=\"widget\" data-e-type=\"widget\" data-widget_type=\"heading.default\">\n\t\t\t\t<div class=\"elementor-widget-container\">\n\t\t\t\t\t<h2 class=\"elementor-heading-title elementor-size-default\">A dedicated welcome for car and motorbike enthusiasts<\/h2>\t\t\t\t<\/div>\n\t\t\t\t<\/div>\n\t\t\t\t<div class=\"elementor-element elementor-element-d18fa49 fade-subtext elementor-widget elementor-widget-text-editor\" data-id=\"d18fa49\" data-element_type=\"widget\" data-e-type=\"widget\" data-widget_type=\"text-editor.default\">\n\t\t\t\t<div class=\"elementor-widget-container\">\n\t\t\t\t\t\t\t\t\t<p>Every summer, <strong>Montgen\u00e8vre<\/strong> becomes the stage for <strong>car and motorbike rallies<\/strong>offering enthusiasts an exceptional setting in which to pursue their passion. Visit <strong>winding roads and Alpine panoramas<\/strong>The resort is home to clubs and events dedicated to enthusiasts of all things mechanical.<\/p>\t\t\t\t\t\t\t\t<\/div>\n\t\t\t\t<\/div>\n\t\t<div class=\"elementor-element elementor-element-99252fe fade-button e-con-full e-flex e-con e-child\" data-id=\"99252fe\" data-element_type=\"container\" data-e-type=\"container\">\n\t\t\t\t<div class=\"elementor-element elementor-element-c587ab4 elementor-align-justify elementor-widget elementor-widget-button\" data-id=\"c587ab4\" data-element_type=\"widget\" data-e-type=\"widget\" data-widget_type=\"button.default\">\n\t\t\t\t<div class=\"elementor-widget-container\">\n\t\t\t\t\t\t\t\t\t<div class=\"elementor-button-wrapper\">\n\t\t\t\t\t<a class=\"elementor-button elementor-button-link elementor-size-sm\" href=\"https:\/\/www.anova-hotel.com\/en\/anova-hotel-montgenevre\/\">\n\t\t\t\t\t\t<span class=\"elementor-button-content-wrapper\">\n\t\t\t\t\t\t\t\t\t<span class=\"elementor-button-text\">CONTACT US<\/span>\n\t\t\t\t\t<\/span>\n\t\t\t\t\t<\/a>\n\t\t\t\t<\/div>\n\t\t\t\t\t\t\t\t<\/div>\n\t\t\t\t<\/div>\n\t\t\t\t<\/div>\n\t\t\t\t\t<\/div>\n\t\t\t\t<\/div>\n\t\t\t\t<\/div>\n\t\t<div class=\"elementor-element elementor-element-9b71bf0 e-con-full e-flex e-con e-child\" data-id=\"9b71bf0\" data-element_type=\"container\" data-e-type=\"container\" data-settings=\"{&quot;background_background&quot;:&quot;classic&quot;}\">\n\t\t\t\t<\/div>\n\t\t\t\t<\/div>\n\t\t<div class=\"elementor-element elementor-element-076255b e-con-full fade-bloc e-flex e-con e-parent\" data-id=\"076255b\" data-element_type=\"container\" data-e-type=\"container\">\n\t\t<div class=\"elementor-element elementor-element-01f3108 e-con-full fade-content e-flex e-con e-child\" data-id=\"01f3108\" data-element_type=\"container\" data-e-type=\"container\" data-settings=\"{&quot;background_background&quot;:&quot;classic&quot;}\">\n\t\t<div class=\"elementor-element elementor-element-465b5a8 e-flex e-con-boxed e-con e-child\" data-id=\"465b5a8\" data-element_type=\"container\" data-e-type=\"container\">\n\t\t\t\t\t<div class=\"e-con-inner\">\n\t\t\t\t<div class=\"elementor-element elementor-element-0177c28 fade-title elementor-widget elementor-widget-heading\" data-id=\"0177c28\" data-element_type=\"widget\" data-e-type=\"widget\" data-widget_type=\"heading.default\">\n\t\t\t\t<div class=\"elementor-widget-container\">\n\t\t\t\t\t<h2 class=\"elementor-heading-title elementor-size-default\">A tailor-made welcome for enthusiasts<\/h2>\t\t\t\t<\/div>\n\t\t\t\t<\/div>\n\t\t\t\t<div class=\"elementor-element elementor-element-3953d2f fade-subtext elementor-widget elementor-widget-text-editor\" data-id=\"3953d2f\" data-element_type=\"widget\" data-e-type=\"widget\" data-widget_type=\"text-editor.default\">\n\t\t\t\t<div class=\"elementor-widget-container\">\n\t\t\t\t\t\t\t\t\t<p>Thanks to the right facilities and a warm welcome, <strong>Montgen\u00e8vre summer<\/strong> is a favourite destination for road trips and motoring holidays. <strong>Whether you're on a motorbike or in a classic car, enjoy an unforgettable adventure on the roads of the Hautes-Alpes!<\/strong><\/p>\t\t\t\t\t\t\t\t<\/div>\n\t\t\t\t<\/div>\n\t\t\t\t\t<\/div>\n\t\t\t\t<\/div>\n\t\t\t\t<\/div>\n\t\t<div class=\"elementor-element elementor-element-09187d4 e-con-full e-flex e-con e-child\" data-id=\"09187d4\" data-element_type=\"container\" data-e-type=\"container\" data-settings=\"{&quot;background_background&quot;:&quot;classic&quot;}\">\n\t\t\t\t<\/div>\n\t\t\t\t<\/div>\n\t\t\t\t<\/div>","protected":false},"excerpt":{"rendered":"<p>Montgen\u00e8vre en \u00e9t\u00e9 Destination pr\u00e9c\u00e9dente Destination suivante Un accueil d\u00e9di\u00e9 aux passionn\u00e9s d\u2019auto et moto Chaque \u00e9t\u00e9, Montgen\u00e8vre devient le th\u00e9\u00e2tre de rassemblements auto et moto, offrant aux passionn\u00e9s un cadre exceptionnel pour vivre leur passion. Entre routes sinueuses et panoramas alpins, la station accueille clubs et \u00e9v\u00e9nements d\u00e9di\u00e9s aux amateurs de belles m\u00e9caniques. NOUS [&hellip;]<\/p>\n","protected":false},"author":9,"featured_media":0,"parent":67,"menu_order":0,"comment_status":"closed","ping_status":"closed","template":"","meta":{"_acf_changed":false,"inline_featured_image":false,"footnotes":""},"class_list":["post-3711","page","type-page","status-publish","hentry"],"acf":[],"_links":{"self":[{"href":"https:\/\/www.anova-hotel.com\/en\/wp-json\/wp\/v2\/pages\/3711","targetHints":{"allow":["GET"]}}],"collection":[{"href":"https:\/\/www.anova-hotel.com\/en\/wp-json\/wp\/v2\/pages"}],"about":[{"href":"https:\/\/www.anova-hotel.com\/en\/wp-json\/wp\/v2\/types\/page"}],"author":[{"embeddable":true,"href":"https:\/\/www.anova-hotel.com\/en\/wp-json\/wp\/v2\/users\/9"}],"replies":[{"embeddable":true,"href":"https:\/\/www.anova-hotel.com\/en\/wp-json\/wp\/v2\/comments?post=3711"}],"version-history":[{"count":31,"href":"https:\/\/www.anova-hotel.com\/en\/wp-json\/wp\/v2\/pages\/3711\/revisions"}],"predecessor-version":[{"id":6302,"href":"https:\/\/www.anova-hotel.com\/en\/wp-json\/wp\/v2\/pages\/3711\/revisions\/6302"}],"up":[{"embeddable":true,"href":"https:\/\/www.anova-hotel.com\/en\/wp-json\/wp\/v2\/pages\/67"}],"wp:attachment":[{"href":"https:\/\/www.anova-hotel.com\/en\/wp-json\/wp\/v2\/media?parent=3711"}],"curies":[{"name":"wp","href":"https:\/\/api.w.org\/{rel}","templated":true}]}}