{"id":3717,"date":"2025-04-10T12:40:35","date_gmt":"2025-04-10T10:40:35","guid":{"rendered":"https:\/\/www.anova-hotel.com\/?page_id=3717"},"modified":"2026-02-16T13:55:51","modified_gmt":"2026-02-16T12:55:51","slug":"montgenevre-winter-activities-2","status":"publish","type":"page","link":"https:\/\/www.anova-hotel.com\/en\/activite-montgenevre\/activite-montgenevre-hiver\/","title":{"rendered":"Ice circuit"},"content":{"rendered":"<div data-elementor-type=\"wp-page\" data-elementor-id=\"3717\" class=\"elementor elementor-3717\" data-elementor-post-type=\"page\">\n\t\t\t\t<div class=\"elementor-element elementor-element-6d2c3873 e-con-full e-flex e-con e-parent\" data-id=\"6d2c3873\" data-element_type=\"container\" data-e-type=\"container\" data-settings=\"{&quot;background_background&quot;:&quot;classic&quot;}\">\n\t\t\t\t<div class=\"elementor-element elementor-element-466ad0bc elementor-widget elementor-widget-heading\" data-id=\"466ad0bc\" data-element_type=\"widget\" data-e-type=\"widget\" data-widget_type=\"heading.default\">\n\t\t\t\t<div class=\"elementor-widget-container\">\n\t\t\t\t\t<span class=\"elementor-heading-title elementor-size-default\">Ice circuit<\/span>\t\t\t\t<\/div>\n\t\t\t\t<\/div>\n\t\t\t\t<div class=\"elementor-element elementor-element-e37f927 elementor-widget elementor-widget-heading\" data-id=\"e37f927\" data-element_type=\"widget\" data-e-type=\"widget\" data-widget_type=\"heading.default\">\n\t\t\t\t<div class=\"elementor-widget-container\">\n\t\t\t\t\t<h1 class=\"elementor-heading-title elementor-size-default\">Winter activities in Montgen\u00e8vre<\/h1>\t\t\t\t<\/div>\n\t\t\t\t<\/div>\n\t\t\t\t<\/div>\n\t\t<div class=\"elementor-element elementor-element-181ca25d e-con-full e-flex e-con e-parent\" data-id=\"181ca25d\" data-element_type=\"container\" data-e-type=\"container\">\n\t\t\t\t<div class=\"elementor-element elementor-element-68f4b34d elementor-mobile-align-center elementor-widget elementor-widget-button\" data-id=\"68f4b34d\" data-element_type=\"widget\" data-e-type=\"widget\" data-widget_type=\"button.default\">\n\t\t\t\t<div class=\"elementor-widget-container\">\n\t\t\t\t\t\t\t\t\t<div class=\"elementor-button-wrapper\">\n\t\t\t\t\t<a class=\"elementor-button elementor-button-link elementor-size-sm\" href=\"https:\/\/www.anova-hotel.com\/en\/activite-montgenevre\/bar-montgenevre\/\">\n\t\t\t\t\t\t<span class=\"elementor-button-content-wrapper\">\n\t\t\t\t\t\t<span class=\"elementor-button-icon\">\n\t\t\t\t<i aria-hidden=\"true\" class=\"eliofont eliofont-arrow-left\"><\/i>\t\t\t<\/span>\n\t\t\t\t\t\t\t\t\t<span class=\"elementor-button-text\">Previous destination<\/span>\n\t\t\t\t\t<\/span>\n\t\t\t\t\t<\/a>\n\t\t\t\t<\/div>\n\t\t\t\t\t\t\t\t<\/div>\n\t\t\t\t<\/div>\n\t\t\t\t<div class=\"elementor-element elementor-element-14f51ce0 elementor-mobile-align-center elementor-widget elementor-widget-button\" data-id=\"14f51ce0\" data-element_type=\"widget\" data-e-type=\"widget\" data-widget_type=\"button.default\">\n\t\t\t\t<div class=\"elementor-widget-container\">\n\t\t\t\t\t\t\t\t\t<div class=\"elementor-button-wrapper\">\n\t\t\t\t\t<a class=\"elementor-button elementor-button-link elementor-size-sm\" href=\"https:\/\/www.anova-hotel.com\/en\/activite-montgenevre\/chiens-de-traineau-montgenevre\/\">\n\t\t\t\t\t\t<span class=\"elementor-button-content-wrapper\">\n\t\t\t\t\t\t<span class=\"elementor-button-icon\">\n\t\t\t\t<i aria-hidden=\"true\" class=\"eliofont eliofont-arrow-right\"><\/i>\t\t\t<\/span>\n\t\t\t\t\t\t\t\t\t<span class=\"elementor-button-text\">Next destination<\/span>\n\t\t\t\t\t<\/span>\n\t\t\t\t\t<\/a>\n\t\t\t\t<\/div>\n\t\t\t\t\t\t\t\t<\/div>\n\t\t\t\t<\/div>\n\t\t\t\t<\/div>\n\t\t<div class=\"elementor-element elementor-element-106d8d7 e-con-full fade-bloc e-flex e-con e-parent\" data-id=\"106d8d7\" data-element_type=\"container\" data-e-type=\"container\" data-settings=\"{&quot;background_background&quot;:&quot;classic&quot;}\">\n\t\t<div class=\"elementor-element elementor-element-25a0fd9 e-con-full fade-content e-flex e-con e-child\" data-id=\"25a0fd9\" data-element_type=\"container\" data-e-type=\"container\" data-settings=\"{&quot;background_background&quot;:&quot;classic&quot;}\">\n\t\t<div class=\"elementor-element elementor-element-df1f01d e-flex e-con-boxed e-con e-child\" data-id=\"df1f01d\" data-element_type=\"container\" data-e-type=\"container\">\n\t\t\t\t\t<div class=\"e-con-inner\">\n\t\t\t\t<div class=\"elementor-element elementor-element-4803416 fade-title elementor-widget elementor-widget-heading\" data-id=\"4803416\" data-element_type=\"widget\" data-e-type=\"widget\" data-widget_type=\"heading.default\">\n\t\t\t\t<div class=\"elementor-widget-container\">\n\t\t\t\t\t<h2 class=\"elementor-heading-title elementor-size-default\">A unique driving experience on ice<\/h2>\t\t\t\t<\/div>\n\t\t\t\t<\/div>\n\t\t\t\t<div class=\"elementor-element elementor-element-42d8c3a fade-subtext elementor-widget elementor-widget-text-editor\" data-id=\"42d8c3a\" data-element_type=\"widget\" data-e-type=\"widget\" data-widget_type=\"text-editor.default\">\n\t\t\t\t<div class=\"elementor-widget-container\">\n\t\t\t\t\t\t\t\t\t<p><b>Come and discover the Circuit de Serre Chevalier, situated at an altitude of 1450m, where you can try your hand at ice driving!<\/b><\/p><p><br \/><br \/><\/p><p>It has become a veritable motor racing stadium, and is a huge success every year. With a length of 800 metres and a width of 10 to 16 metres, the natural ice track, 25 to 60 cm thick, is groomed and watered daily.<\/p><p><br \/><br \/><\/p><p>This track is specially laid out between two thick walls of snow, offering maximum safety and featuring bends with a wide range of radii interspersed with faster sections.<\/p>\t\t\t\t\t\t\t\t<\/div>\n\t\t\t\t<\/div>\n\t\t\t\t<div class=\"elementor-element elementor-element-5b1eb73 fade-text elementor-widget elementor-widget-heading\" data-id=\"5b1eb73\" data-element_type=\"widget\" data-e-type=\"widget\" data-widget_type=\"heading.default\">\n\t\t\t\t<div class=\"elementor-widget-container\">\n\t\t\t\t\t<h2 class=\"elementor-heading-title elementor-size-default\">For bookings:<\/h2>\t\t\t\t<\/div>\n\t\t\t\t<\/div>\n\t\t<div class=\"elementor-element elementor-element-4392bb4 fade-button e-con-full e-flex e-con e-child\" data-id=\"4392bb4\" data-element_type=\"container\" data-e-type=\"container\">\n\t\t\t\t<div class=\"elementor-element elementor-element-699a9d2 elementor-align-justify elementor-widget elementor-widget-button\" data-id=\"699a9d2\" data-element_type=\"widget\" data-e-type=\"widget\" data-widget_type=\"button.default\">\n\t\t\t\t<div class=\"elementor-widget-container\">\n\t\t\t\t\t\t\t\t\t<div class=\"elementor-button-wrapper\">\n\t\t\t\t\t<a class=\"elementor-button elementor-button-link elementor-size-sm\" href=\"https:\/\/www.serre-chevalier.com\/fr\/karting-glace-serre-chevalier\" target=\"_blank\" rel=\"nofollow noopener\">\n\t\t\t\t\t\t<span class=\"elementor-button-content-wrapper\">\n\t\t\t\t\t\t\t\t\t<span class=\"elementor-button-text\">Find out more<\/span>\n\t\t\t\t\t<\/span>\n\t\t\t\t\t<\/a>\n\t\t\t\t<\/div>\n\t\t\t\t\t\t\t\t<\/div>\n\t\t\t\t<\/div>\n\t\t\t\t<\/div>\n\t\t\t\t\t<\/div>\n\t\t\t\t<\/div>\n\t\t\t\t<\/div>\n\t\t<div class=\"elementor-element elementor-element-c968b2e e-con-full e-flex e-con e-child\" data-id=\"c968b2e\" data-element_type=\"container\" data-e-type=\"container\" data-settings=\"{&quot;background_background&quot;:&quot;classic&quot;}\">\n\t\t\t\t<\/div>\n\t\t\t\t<\/div>\n\t\t<div class=\"elementor-element elementor-element-5cc0712 e-con-full fade-bloc e-flex e-con e-parent\" data-id=\"5cc0712\" data-element_type=\"container\" data-e-type=\"container\">\n\t\t<div class=\"elementor-element elementor-element-3c730ac e-con-full fade-content e-flex e-con e-child\" data-id=\"3c730ac\" data-element_type=\"container\" data-e-type=\"container\" data-settings=\"{&quot;background_background&quot;:&quot;classic&quot;}\">\n\t\t<div class=\"elementor-element elementor-element-f4f9772 e-flex e-con-boxed e-con e-child\" data-id=\"f4f9772\" data-element_type=\"container\" data-e-type=\"container\">\n\t\t\t\t\t<div class=\"e-con-inner\">\n\t\t\t\t<div class=\"elementor-element elementor-element-f903346 fade-title elementor-widget elementor-widget-heading\" data-id=\"f903346\" data-element_type=\"widget\" data-e-type=\"widget\" data-widget_type=\"heading.default\">\n\t\t\t\t<div class=\"elementor-widget-container\">\n\t\t\t\t\t<h2 class=\"elementor-heading-title elementor-size-default\">An activity for the passionate and the curious<\/h2>\t\t\t\t<\/div>\n\t\t\t\t<\/div>\n\t\t\t\t<div class=\"elementor-element elementor-element-971518f fade-subtext elementor-widget elementor-widget-text-editor\" data-id=\"971518f\" data-element_type=\"widget\" data-e-type=\"widget\" data-widget_type=\"text-editor.default\">\n\t\t\t\t<div class=\"elementor-widget-container\">\n\t\t\t\t\t\t\t\t\t<p>In Montgen\u00e8vre, thrill-seekers can push back their limits on an exceptional ice circuit. At the wheel of a racing car, test your control and feel the adrenalin of extreme driving, between controlled skids and precise acceleration.<\/p>\t\t\t\t\t\t\t\t<\/div>\n\t\t\t\t<\/div>\n\t\t\t\t<div class=\"elementor-element elementor-element-233c505 fade-subtext elementor-widget elementor-widget-text-editor\" data-id=\"233c505\" data-element_type=\"widget\" data-e-type=\"widget\" data-widget_type=\"text-editor.default\">\n\t\t\t\t<div class=\"elementor-widget-container\">\n\t\t\t\t\t\t\t\t\t<p>Supervised by professionals, learn the subtleties of driving on ice and discover the techniques of experienced pilots. Accessible to beginners and experts alike, this experience is a must for winter sports enthusiasts in Montgen\u00e8vre.<\/p>\t\t\t\t\t\t\t\t<\/div>\n\t\t\t\t<\/div>\n\t\t\t\t\t<\/div>\n\t\t\t\t<\/div>\n\t\t\t\t<\/div>\n\t\t<div class=\"elementor-element elementor-element-94e121a e-con-full e-flex e-con e-child\" data-id=\"94e121a\" data-element_type=\"container\" data-e-type=\"container\" data-settings=\"{&quot;background_background&quot;:&quot;classic&quot;}\">\n\t\t\t\t<\/div>\n\t\t\t\t<\/div>\n\t\t\t\t<\/div>","protected":false},"excerpt":{"rendered":"<p>Activit\u00e9 \u00e0 Montgen\u00e8vre durant l&rsquo;hiver Destination pr\u00e9c\u00e9dente Destination suivante Une exp\u00e9rience de pilotage unique sur glace Venez d\u00e9couvrir le Circuit de Serre Chevalier qui est situ\u00e9 \u00e0 1450m d\u2019altitude o\u00f9 vous pourrez vous initier \u00e0 la conduite sur glace ! Il est devenu un v\u00e9ritable stade automobile qui remporte chaque ann\u00e9e un \u00e9norme succ\u00e8s. D\u2019une [&hellip;]<\/p>\n","protected":false},"author":9,"featured_media":0,"parent":67,"menu_order":0,"comment_status":"closed","ping_status":"closed","template":"","meta":{"_acf_changed":false,"inline_featured_image":false,"footnotes":""},"class_list":["post-3717","page","type-page","status-publish","hentry"],"acf":[],"_links":{"self":[{"href":"https:\/\/www.anova-hotel.com\/en\/wp-json\/wp\/v2\/pages\/3717","targetHints":{"allow":["GET"]}}],"collection":[{"href":"https:\/\/www.anova-hotel.com\/en\/wp-json\/wp\/v2\/pages"}],"about":[{"href":"https:\/\/www.anova-hotel.com\/en\/wp-json\/wp\/v2\/types\/page"}],"author":[{"embeddable":true,"href":"https:\/\/www.anova-hotel.com\/en\/wp-json\/wp\/v2\/users\/9"}],"replies":[{"embeddable":true,"href":"https:\/\/www.anova-hotel.com\/en\/wp-json\/wp\/v2\/comments?post=3717"}],"version-history":[{"count":46,"href":"https:\/\/www.anova-hotel.com\/en\/wp-json\/wp\/v2\/pages\/3717\/revisions"}],"predecessor-version":[{"id":6786,"href":"https:\/\/www.anova-hotel.com\/en\/wp-json\/wp\/v2\/pages\/3717\/revisions\/6786"}],"up":[{"embeddable":true,"href":"https:\/\/www.anova-hotel.com\/en\/wp-json\/wp\/v2\/pages\/67"}],"wp:attachment":[{"href":"https:\/\/www.anova-hotel.com\/en\/wp-json\/wp\/v2\/media?parent=3717"}],"curies":[{"name":"wp","href":"https:\/\/api.w.org\/{rel}","templated":true}]}}