{"id":3691,"date":"2025-04-10T12:30:12","date_gmt":"2025-04-10T10:30:12","guid":{"rendered":"https:\/\/www.anova-hotel.com\/?page_id=3691"},"modified":"2025-06-16T11:10:07","modified_gmt":"2025-06-16T09:10:07","slug":"cosa-fare-a-montgenevre-in-estate","status":"publish","type":"page","link":"https:\/\/www.anova-hotel.com\/it\/activite-montgenevre\/que-faire-a-montgenevre-l-ete\/","title":{"rendered":"La Valle della Clar\u00e9e"},"content":{"rendered":"<div data-elementor-type=\"wp-page\" data-elementor-id=\"3691\" class=\"elementor elementor-3691\" data-elementor-post-type=\"page\">\n\t\t\t\t<div class=\"elementor-element elementor-element-7e28f043 e-con-full e-flex e-con e-parent\" data-id=\"7e28f043\" data-element_type=\"container\" data-e-type=\"container\" data-settings=\"{&quot;background_background&quot;:&quot;classic&quot;}\">\n\t\t\t\t<div class=\"elementor-element elementor-element-22325961 elementor-widget elementor-widget-heading\" data-id=\"22325961\" data-element_type=\"widget\" data-e-type=\"widget\" data-widget_type=\"heading.default\">\n\t\t\t\t<div class=\"elementor-widget-container\">\n\t\t\t\t\t<span class=\"elementor-heading-title elementor-size-default\">La Valle della Clar\u00e9e<\/span>\t\t\t\t<\/div>\n\t\t\t\t<\/div>\n\t\t\t\t<div class=\"elementor-element elementor-element-d63f350 elementor-widget elementor-widget-heading\" data-id=\"d63f350\" data-element_type=\"widget\" data-e-type=\"widget\" data-widget_type=\"heading.default\">\n\t\t\t\t<div class=\"elementor-widget-container\">\n\t\t\t\t\t<h1 class=\"elementor-heading-title elementor-size-default\">Cosa fare a Monginevro in estate?<\/h1>\t\t\t\t<\/div>\n\t\t\t\t<\/div>\n\t\t\t\t<\/div>\n\t\t<div class=\"elementor-element elementor-element-148fbbce e-con-full e-flex e-con e-parent\" data-id=\"148fbbce\" data-element_type=\"container\" data-e-type=\"container\">\n\t\t\t\t<div class=\"elementor-element elementor-element-64bfdd2 elementor-mobile-align-center elementor-widget elementor-widget-button\" data-id=\"64bfdd2\" data-element_type=\"widget\" data-e-type=\"widget\" data-widget_type=\"button.default\">\n\t\t\t\t<div class=\"elementor-widget-container\">\n\t\t\t\t\t\t\t\t\t<div class=\"elementor-button-wrapper\">\n\t\t\t\t\t<a class=\"elementor-button elementor-button-link elementor-size-sm\" href=\"https:\/\/www.anova-hotel.com\/it\/activite-montgenevre\/golf-montgenevre\/\">\n\t\t\t\t\t\t<span class=\"elementor-button-content-wrapper\">\n\t\t\t\t\t\t<span class=\"elementor-button-icon\">\n\t\t\t\t<i aria-hidden=\"true\" class=\"eliofont eliofont-arrow-left\"><\/i>\t\t\t<\/span>\n\t\t\t\t\t\t\t\t\t<span class=\"elementor-button-text\">Destinazione precedente<\/span>\n\t\t\t\t\t<\/span>\n\t\t\t\t\t<\/a>\n\t\t\t\t<\/div>\n\t\t\t\t\t\t\t\t<\/div>\n\t\t\t\t<\/div>\n\t\t\t\t<div class=\"elementor-element elementor-element-b498f75 elementor-mobile-align-center elementor-widget elementor-widget-button\" data-id=\"b498f75\" data-element_type=\"widget\" data-e-type=\"widget\" data-widget_type=\"button.default\">\n\t\t\t\t<div class=\"elementor-widget-container\">\n\t\t\t\t\t\t\t\t\t<div class=\"elementor-button-wrapper\">\n\t\t\t\t\t<a class=\"elementor-button elementor-button-link elementor-size-sm\" href=\"https:\/\/www.anova-hotel.com\/it\/activite-montgenevre\/heliski\/\">\n\t\t\t\t\t\t<span class=\"elementor-button-content-wrapper\">\n\t\t\t\t\t\t<span class=\"elementor-button-icon\">\n\t\t\t\t<i aria-hidden=\"true\" class=\"eliofont eliofont-arrow-right\"><\/i>\t\t\t<\/span>\n\t\t\t\t\t\t\t\t\t<span class=\"elementor-button-text\">Prossima destinazione<\/span>\n\t\t\t\t\t<\/span>\n\t\t\t\t\t<\/a>\n\t\t\t\t<\/div>\n\t\t\t\t\t\t\t\t<\/div>\n\t\t\t\t<\/div>\n\t\t\t\t<\/div>\n\t\t<div class=\"elementor-element elementor-element-381f5c2 e-con-full fade-bloc e-flex e-con e-parent\" data-id=\"381f5c2\" data-element_type=\"container\" data-e-type=\"container\" data-settings=\"{&quot;background_background&quot;:&quot;classic&quot;}\">\n\t\t<div class=\"elementor-element elementor-element-366a7d8 e-con-full fade-content e-flex e-con e-child\" data-id=\"366a7d8\" data-element_type=\"container\" data-e-type=\"container\" data-settings=\"{&quot;background_background&quot;:&quot;classic&quot;}\">\n\t\t<div class=\"elementor-element elementor-element-73e6f4f e-flex e-con-boxed e-con e-child\" data-id=\"73e6f4f\" data-element_type=\"container\" data-e-type=\"container\">\n\t\t\t\t\t<div class=\"e-con-inner\">\n\t\t\t\t<div class=\"elementor-element elementor-element-b46195e fade-subtext elementor-widget elementor-widget-text-editor\" data-id=\"b46195e\" data-element_type=\"widget\" data-e-type=\"widget\" data-widget_type=\"text-editor.default\">\n\t\t\t\t<div class=\"elementor-widget-container\">\n\t\t\t\t\t\t\t\t\t<p>Situato alle porte della Valle della Clar\u00e9e, il nostro hotel a Monginevro \u00e8 la base ideale per gli amanti della natura e delle escursioni. Incastonato tra boschi di larici, verdi pascoli di montagna e cime maestose, l'albergo <strong data-start=\"525\" data-end=\"546\">Laghi di Clar\u00e9e<\/strong> offrono paesaggi eccezionali e itinerari accessibili a tutti. Scoprite questo gioiello delle Hautes-Alpes!<\/p>\t\t\t\t\t\t\t\t<\/div>\n\t\t\t\t<\/div>\n\t\t\t\t\t<\/div>\n\t\t\t\t<\/div>\n\t\t\t\t<\/div>\n\t\t<div class=\"elementor-element elementor-element-3a0d21f e-con-full e-flex e-con e-child\" data-id=\"3a0d21f\" data-element_type=\"container\" data-e-type=\"container\" data-settings=\"{&quot;background_background&quot;:&quot;classic&quot;}\">\n\t\t\t\t<\/div>\n\t\t\t\t<\/div>\n\t\t<div class=\"elementor-element elementor-element-076255b e-con-full fade-bloc e-flex e-con e-parent\" data-id=\"076255b\" data-element_type=\"container\" data-e-type=\"container\">\n\t\t<div class=\"elementor-element elementor-element-01f3108 e-con-full fade-content e-flex e-con e-child\" data-id=\"01f3108\" data-element_type=\"container\" data-e-type=\"container\" data-settings=\"{&quot;background_background&quot;:&quot;classic&quot;}\">\n\t\t<div class=\"elementor-element elementor-element-465b5a8 e-flex e-con-boxed e-con e-child\" data-id=\"465b5a8\" data-element_type=\"container\" data-e-type=\"container\">\n\t\t\t\t\t<div class=\"e-con-inner\">\n\t\t\t\t<div class=\"elementor-element elementor-element-0177c28 fade-title elementor-widget elementor-widget-heading\" data-id=\"0177c28\" data-element_type=\"widget\" data-e-type=\"widget\" data-widget_type=\"heading.default\">\n\t\t\t\t<div class=\"elementor-widget-container\">\n\t\t\t\t\t<h2 class=\"elementor-heading-title elementor-size-default\">I laghi Clar\u00e9e: uno scenario da cartolina<\/h2>\t\t\t\t<\/div>\n\t\t\t\t<\/div>\n\t\t\t\t<div class=\"elementor-element elementor-element-909c2f5 fade-text elementor-widget elementor-widget-text-editor\" data-id=\"909c2f5\" data-element_type=\"widget\" data-e-type=\"widget\" data-widget_type=\"text-editor.default\">\n\t\t\t\t<div class=\"elementor-widget-container\">\n\t\t\t\t\t\t\t\t\t<p data-start=\"734\" data-end=\"1131\">A pochi chilometri dal Monginevro, la <strong data-start=\"785\" data-end=\"808\">Valle della Clar\u00e9e<\/strong> \u00e8 classificata come una delle pi\u00f9 belle di Francia. Protetto dal turismo di massa, ospita una serie di laghi d'alta quota con acque cristalline che riflettono le cime circostanti.<\/p><p data-start=\"734\" data-end=\"1131\">Il <strong data-start=\"990\" data-end=\"1006\">Laghi di Laramon<\/strong>, <strong data-start=\"1008\" data-end=\"1022\">du Serpent<\/strong>o il <strong data-start=\"1037\" data-end=\"1049\">Lac Rond<\/strong> sono solo alcune delle meraviglie naturali da esplorare durante le vostre passeggiate estive.<\/p>\t\t\t\t\t\t\t\t<\/div>\n\t\t\t\t<\/div>\n\t\t\t\t\t<\/div>\n\t\t\t\t<\/div>\n\t\t\t\t<\/div>\n\t\t<div class=\"elementor-element elementor-element-09187d4 e-con-full e-flex e-con e-child\" data-id=\"09187d4\" data-element_type=\"container\" data-e-type=\"container\" data-settings=\"{&quot;background_background&quot;:&quot;classic&quot;}\">\n\t\t\t\t<\/div>\n\t\t\t\t<\/div>\n\t\t<div class=\"elementor-element elementor-element-c5e1986 e-con-full fade-bloc e-flex e-con e-parent\" data-id=\"c5e1986\" data-element_type=\"container\" data-e-type=\"container\" data-settings=\"{&quot;background_background&quot;:&quot;classic&quot;}\">\n\t\t<div class=\"elementor-element elementor-element-22e26e7 e-con-full fade-content e-flex e-con e-child\" data-id=\"22e26e7\" data-element_type=\"container\" data-e-type=\"container\" data-settings=\"{&quot;background_background&quot;:&quot;classic&quot;}\">\n\t\t<div class=\"elementor-element elementor-element-12d2bde e-flex e-con-boxed e-con e-child\" data-id=\"12d2bde\" data-element_type=\"container\" data-e-type=\"container\">\n\t\t\t\t\t<div class=\"e-con-inner\">\n\t\t\t\t<div class=\"elementor-element elementor-element-a48d481 fade-title elementor-widget elementor-widget-heading\" data-id=\"a48d481\" data-element_type=\"widget\" data-e-type=\"widget\" data-widget_type=\"heading.default\">\n\t\t\t\t<div class=\"elementor-widget-container\">\n\t\t\t\t\t<h2 class=\"elementor-heading-title elementor-size-default\">Percorsi escursionistici per tutti i livelli<\/h2>\t\t\t\t<\/div>\n\t\t\t\t<\/div>\n\t\t\t\t<div class=\"elementor-element elementor-element-d18fa49 fade-subtext elementor-widget elementor-widget-text-editor\" data-id=\"d18fa49\" data-element_type=\"widget\" data-e-type=\"widget\" data-widget_type=\"text-editor.default\">\n\t\t\t\t<div class=\"elementor-widget-container\">\n\t\t\t\t\t\t\t\t\t<h4 data-start=\"1375\" data-end=\"1413\"><strong data-start=\"1383\" data-end=\"1411\">Escursione al lago Laramon<\/strong><\/h4><ul data-start=\"1414\" data-end=\"1702\"><li data-start=\"1414\" data-end=\"1450\"><p data-start=\"1416\" data-end=\"1450\"><strong data-start=\"1416\" data-end=\"1430\">Distanza :<\/strong> 8 km A-R<\/p><\/li><li data-start=\"1476\" data-end=\"1702\"><p data-start=\"1478\" data-end=\"1702\"><strong data-start=\"1478\" data-end=\"1489\">Durata:<\/strong> 3h30<\/p><\/li><\/ul><p data-start=\"1478\" data-end=\"1702\">\u00a0<\/p><p data-start=\"1478\" data-end=\"1702\">Accessibile dal parcheggio di Laval, questa escursione vi condurr\u00e0 attraverso gli alpeggi fino alla magnifica <strong data-start=\"1606\" data-end=\"1621\">Lago di Laramon<\/strong>ad un'altitudine di 2.350 m. Nelle giornate limpide, la vista sugli \u00c9crins \u00e8 spettacolare.<\/p><p data-start=\"1478\" data-end=\"1702\">\u00a0<\/p><h4 data-start=\"1704\" data-end=\"1755\"><strong data-start=\"1712\" data-end=\"1753\">Anello dei laghi Laramon e Serpente<\/strong><\/h4><ul><li data-start=\"1756\" data-end=\"1780\"><p data-start=\"1758\" data-end=\"1780\"><strong data-start=\"1758\" data-end=\"1772\">Distanza :<\/strong> 12 km<\/p><\/li><li data-start=\"1808\" data-end=\"1978\"><strong data-start=\"1808\" data-end=\"1819\">Durata:<\/strong> 5h<\/li><\/ul><p>\u00a0<\/p><p>Per gli escursionisti pi\u00f9 esperti, l'anello che collega la <strong data-start=\"1880\" data-end=\"1896\">Laghi di Laramon<\/strong> e <strong data-start=\"1900\" data-end=\"1914\">du Serpent<\/strong> offre un'immersione totale nei paesaggi di alta montagna.<\/p><p>\u00a0<\/p><h4 data-start=\"1980\" data-end=\"2022\"><strong data-start=\"1988\" data-end=\"2020\">Gita in famiglia al Lac Vert<\/strong><\/h4><ul data-start=\"2023\" data-end=\"2249\"><li data-start=\"2023\" data-end=\"2059\"><p data-start=\"2025\" data-end=\"2059\"><strong data-start=\"2025\" data-end=\"2039\">Distanza :<\/strong> 4 km andata e ritorno<\/p><\/li><li data-start=\"2085\" data-end=\"2249\"><p data-start=\"2087\" data-end=\"2249\"><strong data-start=\"2087\" data-end=\"2098\">Durata:<\/strong> 2h<\/p><\/li><\/ul><p data-start=\"2087\" data-end=\"2249\">\u00a0<\/p><p data-start=\"2087\" data-end=\"2249\">Ideale per i bambini, questa dolce passeggiata vi condurr\u00e0 alla <strong data-start=\"2169\" data-end=\"2181\">Lago Verde<\/strong>circondato da boschi e perfetto per un picnic nel cuore della natura.<\/p><p data-start=\"2087\" data-end=\"2249\">\u00a0<\/p>\t\t\t\t\t\t\t\t<\/div>\n\t\t\t\t<\/div>\n\t\t\t\t\t<\/div>\n\t\t\t\t<\/div>\n\t\t\t\t<\/div>\n\t\t<div class=\"elementor-element elementor-element-9b71bf0 e-con-full e-flex e-con e-child\" data-id=\"9b71bf0\" data-element_type=\"container\" data-e-type=\"container\" data-settings=\"{&quot;background_background&quot;:&quot;classic&quot;}\">\n\t\t\t\t<\/div>\n\t\t\t\t<\/div>\n\t\t\t\t<\/div>","protected":false},"excerpt":{"rendered":"<p>Que faire \u00e0 Montgen\u00e8vre l\u2019\u00e9t\u00e9 ? Destination pr\u00e9c\u00e9dente Destination suivante Situ\u00e9 aux portes de la Vall\u00e9e de la Clar\u00e9e, notre h\u00f4tel \u00e0 Montgen\u00e8vre est le point de d\u00e9part id\u00e9al pour les amoureux de nature et de randonn\u00e9es. Nich\u00e9s entre for\u00eats de m\u00e9l\u00e8zes, alpages verdoyants et sommets majestueux, les lacs de la Clar\u00e9e offrent des paysages [&hellip;]<\/p>\n","protected":false},"author":9,"featured_media":0,"parent":67,"menu_order":0,"comment_status":"closed","ping_status":"closed","template":"","meta":{"_acf_changed":false,"inline_featured_image":false,"footnotes":""},"class_list":["post-3691","page","type-page","status-publish","hentry"],"acf":[],"_links":{"self":[{"href":"https:\/\/www.anova-hotel.com\/it\/wp-json\/wp\/v2\/pages\/3691","targetHints":{"allow":["GET"]}}],"collection":[{"href":"https:\/\/www.anova-hotel.com\/it\/wp-json\/wp\/v2\/pages"}],"about":[{"href":"https:\/\/www.anova-hotel.com\/it\/wp-json\/wp\/v2\/types\/page"}],"author":[{"embeddable":true,"href":"https:\/\/www.anova-hotel.com\/it\/wp-json\/wp\/v2\/users\/9"}],"replies":[{"embeddable":true,"href":"https:\/\/www.anova-hotel.com\/it\/wp-json\/wp\/v2\/comments?post=3691"}],"version-history":[{"count":38,"href":"https:\/\/www.anova-hotel.com\/it\/wp-json\/wp\/v2\/pages\/3691\/revisions"}],"predecessor-version":[{"id":6536,"href":"https:\/\/www.anova-hotel.com\/it\/wp-json\/wp\/v2\/pages\/3691\/revisions\/6536"}],"up":[{"embeddable":true,"href":"https:\/\/www.anova-hotel.com\/it\/wp-json\/wp\/v2\/pages\/67"}],"wp:attachment":[{"href":"https:\/\/www.anova-hotel.com\/it\/wp-json\/wp\/v2\/media?parent=3691"}],"curies":[{"name":"wp","href":"https:\/\/api.w.org\/{rel}","templated":true}]}}