{"id":6570,"date":"2025-06-18T17:18:27","date_gmt":"2025-06-18T15:18:27","guid":{"rendered":"https:\/\/www.anova-hotel.com\/?page_id=6570"},"modified":"2025-06-18T18:06:05","modified_gmt":"2025-06-18T16:06:05","slug":"informativa-sulla-privacy","status":"publish","type":"page","link":"https:\/\/www.anova-hotel.com\/it\/politique-de-vie-privee\/","title":{"rendered":"Informativa sulla privacy"},"content":{"rendered":"<div data-elementor-type=\"wp-page\" data-elementor-id=\"6570\" class=\"elementor elementor-6570\" data-elementor-post-type=\"page\">\n\t\t\t\t<div class=\"elementor-element elementor-element-9f1f65c e-con-full e-flex e-con e-parent\" data-id=\"9f1f65c\" data-element_type=\"container\" data-e-type=\"container\" data-settings=\"{&quot;background_background&quot;:&quot;classic&quot;}\">\n\t\t\t\t<div class=\"elementor-element elementor-element-8ce5408 elementor-widget elementor-widget-heading\" data-id=\"8ce5408\" data-element_type=\"widget\" data-e-type=\"widget\" data-widget_type=\"heading.default\">\n\t\t\t\t<div class=\"elementor-widget-container\">\n\t\t\t\t\t<h2 class=\"elementor-heading-title elementor-size-default\">Informativa sulla privacy<\/h2>\t\t\t\t<\/div>\n\t\t\t\t<\/div>\n\t\t\t\t<\/div>\n\t\t<div class=\"elementor-element elementor-element-2053f46 e-con-full e-flex e-con e-parent\" data-id=\"2053f46\" data-element_type=\"container\" data-e-type=\"container\">\n\t\t\t\t<div class=\"elementor-element elementor-element-9e5ac93 elementor-widget__width-initial elementor-widget elementor-widget-text-editor\" data-id=\"9e5ac93\" data-element_type=\"widget\" data-e-type=\"widget\" data-widget_type=\"text-editor.default\">\n\t\t\t\t<div class=\"elementor-widget-container\">\n\t\t\t\t\t\t\t\t\t<h1 data-start=\"139\" data-end=\"193\"><strong data-start=\"141\" data-end=\"193\">Informativa sulla privacy\u00a0<\/strong><\/h1><p>\u00a0<\/p><h2 data-start=\"195\" data-end=\"213\">1. Introduzione<\/h2><p data-start=\"215\" data-end=\"538\">Grazie per aver visitato il nostro sito web. La vostra privacy \u00e8 importante per noi. La presente informativa sulla privacy spiega quali informazioni personali vengono raccolte, come vengono utilizzate e in quali circostanze possono essere condivise.<\/p><p data-start=\"540\" data-end=\"654\">Accedendo al nostro sito, acconsentite al trattamento dei vostri dati personali in conformit\u00e0 con la presente informativa.<\/p><p data-start=\"540\" data-end=\"654\">\u00a0<\/p><h2 data-start=\"661\" data-end=\"700\">2. Raccolta dei dati personali<\/h2><p data-start=\"702\" data-end=\"827\">Nell'ambito della vostra prenotazione o della vostra interazione con i nostri servizi, possiamo raccogliere i seguenti dati:<\/p><ul data-start=\"829\" data-end=\"1186\"><li data-start=\"829\" data-end=\"874\"><p data-start=\"831\" data-end=\"874\">Identit\u00e0: cognome, nome, data di nascita<\/p><\/li><li data-start=\"875\" data-end=\"945\"><p data-start=\"877\" data-end=\"945\">Dati di contatto: indirizzo e-mail, indirizzo postale, numeri di telefono<\/p><\/li><li data-start=\"946\" data-end=\"1027\"><p data-start=\"948\" data-end=\"1027\">Dettagli della prenotazione: date del soggiorno, preferenze, richieste speciali, ecc.<\/p><\/li><li data-start=\"1028\" data-end=\"1123\"><p data-start=\"1030\" data-end=\"1123\">Informazioni di pagamento: numero di carta di credito (trasmesso tramite una piattaforma sicura)<\/p><\/li><li data-start=\"1124\" data-end=\"1186\"><p data-start=\"1126\" data-end=\"1186\">Informazioni su eventi o soggiorni personalizzati<\/p><\/li><\/ul><p data-start=\"1188\" data-end=\"1319\"><strong data-start=\"1191\" data-end=\"1204\">Importante<\/strong> Per la vostra sicurezza, non inviate mai informazioni di pagamento via e-mail, SMS o tramite i social network.<\/p><p data-start=\"1188\" data-end=\"1319\">\u00a0<\/p><h2 data-start=\"1326\" data-end=\"1355\">3. Utilizzo dei dati<\/h2><p data-start=\"1357\" data-end=\"1406\">Le informazioni raccolte vengono utilizzate per :<\/p><ul data-start=\"1408\" data-end=\"1740\"><li data-start=\"1408\" data-end=\"1447\"><p data-start=\"1410\" data-end=\"1447\">Gestire e confermare le prenotazioni<\/p><\/li><li data-start=\"1448\" data-end=\"1492\"><p data-start=\"1450\" data-end=\"1492\">Identificarvi e comunicare con voi<\/p><\/li><li data-start=\"1493\" data-end=\"1545\"><p data-start=\"1495\" data-end=\"1545\">Personalizzare i nostri servizi in base alle vostre preferenze<\/p><\/li><li data-start=\"1546\" data-end=\"1632\"><p data-start=\"1548\" data-end=\"1632\">Effettuare studi interni per migliorare il nostro sito, i nostri servizi e le nostre offerte<\/p><\/li><li data-start=\"1633\" data-end=\"1740\"><p data-start=\"1635\" data-end=\"1740\">Per inviarvi comunicazioni commerciali e promozionali via e-mail (previo vostro consenso)<\/p><\/li><\/ul><p data-start=\"1742\" data-end=\"1908\">\u00c8 possibile annullare l'iscrizione alla nostra newsletter in qualsiasi momento facendo clic sul link in fondo alle nostre e-mail, oppure contattandoci all'indirizzo <em><strong data-start=\"1883\" data-end=\"1907\"><a class=\"cursor-pointer\" rel=\"noopener\" data-start=\"1885\" data-end=\"1905\">info@anova-hotel.com<\/a><\/strong>.<\/em><\/p><p data-start=\"1742\" data-end=\"1908\">\u00a0<\/p><h2 data-start=\"1915\" data-end=\"1953\">4. Cookie e tecnologie di tracciamento<\/h2><p data-start=\"1955\" data-end=\"2010\">Per ottimizzare la vostra esperienza, il nostro sito utilizza :<\/p><ul data-start=\"2012\" data-end=\"2219\"><li data-start=\"2012\" data-end=\"2099\"><p data-start=\"2014\" data-end=\"2099\"><strong data-start=\"2014\" data-end=\"2025\">Biscotti<\/strong> per salvare le vostre preferenze e analizzare il traffico del sito<\/p><\/li><li data-start=\"2100\" data-end=\"2186\"><p data-start=\"2102\" data-end=\"2186\"><strong data-start=\"2102\" data-end=\"2127\">Tag di conversione<\/strong> per misurare le prestazioni delle nostre campagne di marketing<\/p><\/li><li data-start=\"2187\" data-end=\"2219\"><p data-start=\"2189\" data-end=\"2219\"><strong data-start=\"2189\" data-end=\"2219\">Widget di social network<\/strong><\/p><\/li><\/ul><p data-start=\"2221\" data-end=\"2349\">Utilizziamo il <strong data-start=\"2248\" data-end=\"2259\">Axeptio<\/strong> per gestire il vostro consenso. Alla prima visita, un banner consente di :<\/p><ul data-start=\"2351\" data-end=\"2467\"><li data-start=\"2351\" data-end=\"2401\"><p data-start=\"2353\" data-end=\"2401\">Accettare o rifiutare i cookie non essenziali<\/p><\/li><li data-start=\"2402\" data-end=\"2467\"><p data-start=\"2404\" data-end=\"2467\">Personalizzate le vostre preferenze in qualsiasi momento utilizzando l'icona di Axeptio.<\/p><\/li><\/ul><p data-start=\"2469\" data-end=\"2557\">I cookie necessari al corretto funzionamento del sito non possono essere disattivati.<\/p><p data-start=\"2469\" data-end=\"2557\">\u00a0<\/p><h2 data-start=\"2564\" data-end=\"2590\">5. Sicurezza dei dati<\/h2><p data-start=\"2592\" data-end=\"2687\">Applichiamo misure tecniche e organizzative per proteggere i vostri dati da :<\/p><ul data-start=\"2689\" data-end=\"2775\"><li data-start=\"2689\" data-end=\"2713\"><p data-start=\"2691\" data-end=\"2713\">Accesso non autorizzato<\/p><\/li><li data-start=\"2714\" data-end=\"2733\"><p data-start=\"2716\" data-end=\"2733\">La modifica<\/p><\/li><li data-start=\"2734\" data-end=\"2775\"><p data-start=\"2736\" data-end=\"2775\">Perdita o divulgazione accidentale<\/p><\/li><\/ul><p data-start=\"2777\" data-end=\"2982\">Tuttavia, nessun metodo di trasmissione o archiviazione su Internet \u00e8 totalmente sicuro. Vi consigliamo di prendere tutte le precauzioni necessarie per proteggere le vostre informazioni sensibili.<\/p><h2 data-start=\"2989\" data-end=\"3024\">\u00a0<\/h2><h2 data-start=\"2989\" data-end=\"3024\">6. Modifiche alla politica<\/h2><p data-start=\"3026\" data-end=\"3181\">La presente informativa sulla privacy pu\u00f2 essere modificata in qualsiasi momento. Eventuali aggiornamenti saranno pubblicati su questa pagina, con l'indicazione della data di pubblicazione. <strong data-start=\"3160\" data-end=\"3180\">data di revisione<\/strong>.<\/p><p data-start=\"3183\" data-end=\"3289\">Vi invitiamo a consultare regolarmente questa pagina per tenervi aggiornati su eventuali modifiche.<\/p><p data-start=\"3183\" data-end=\"3289\">\u00a0<\/p><h2 data-start=\"3296\" data-end=\"3309\">7. Contatto<\/h2><p data-start=\"3311\" data-end=\"3448\">In caso di domande o se si desidera accedere, modificare o cancellare i propri dati, si prega di contattarci al seguente indirizzo: <em><strong data-start=\"3453\" data-end=\"3477\"><a class=\"cursor-pointer\" rel=\"noopener\" data-start=\"3455\" data-end=\"3475\">info@anova-hotel.com<\/a><\/strong><\/em><\/p>\t\t\t\t\t\t\t\t<\/div>\n\t\t\t\t<\/div>\n\t\t\t\t<\/div>\n\t\t\t\t<\/div>","protected":false},"excerpt":{"rendered":"<p>Politique de Confidentialit\u00e9\u00a0 \u00a0 1. Introduction Nous vous remercions de votre visite sur notre site internet. La confidentialit\u00e9 de vos donn\u00e9es est essentielle pour nous. Cette politique de confidentialit\u00e9 explique la nature des informations personnelles collect\u00e9es, la mani\u00e8re dont elles sont utilis\u00e9es, et les circonstances dans lesquelles elles peuvent \u00eatre partag\u00e9es. En acc\u00e9dant \u00e0 notre [&hellip;]<\/p>\n","protected":false},"author":11,"featured_media":0,"parent":0,"menu_order":0,"comment_status":"closed","ping_status":"closed","template":"","meta":{"_acf_changed":false,"inline_featured_image":false,"footnotes":""},"class_list":["post-6570","page","type-page","status-publish","hentry"],"acf":[],"_links":{"self":[{"href":"https:\/\/www.anova-hotel.com\/it\/wp-json\/wp\/v2\/pages\/6570","targetHints":{"allow":["GET"]}}],"collection":[{"href":"https:\/\/www.anova-hotel.com\/it\/wp-json\/wp\/v2\/pages"}],"about":[{"href":"https:\/\/www.anova-hotel.com\/it\/wp-json\/wp\/v2\/types\/page"}],"author":[{"embeddable":true,"href":"https:\/\/www.anova-hotel.com\/it\/wp-json\/wp\/v2\/users\/11"}],"replies":[{"embeddable":true,"href":"https:\/\/www.anova-hotel.com\/it\/wp-json\/wp\/v2\/comments?post=6570"}],"version-history":[{"count":28,"href":"https:\/\/www.anova-hotel.com\/it\/wp-json\/wp\/v2\/pages\/6570\/revisions"}],"predecessor-version":[{"id":6642,"href":"https:\/\/www.anova-hotel.com\/it\/wp-json\/wp\/v2\/pages\/6570\/revisions\/6642"}],"wp:attachment":[{"href":"https:\/\/www.anova-hotel.com\/it\/wp-json\/wp\/v2\/media?parent=6570"}],"curies":[{"name":"wp","href":"https:\/\/api.w.org\/{rel}","templated":true}]}}